{"id":284,"date":"2025-10-13T06:56:23","date_gmt":"2025-10-13T06:56:23","guid":{"rendered":"https:\/\/somvending.com\/qui-som\/"},"modified":"2025-10-23T08:41:54","modified_gmt":"2025-10-23T08:41:54","slug":"quienes-somos","status":"publish","type":"page","link":"https:\/\/somvending.com\/es\/quienes-somos\/","title":{"rendered":"Quienes somos"},"content":{"rendered":"\n<style type=\"text\/css\" data-created_by=\"avia_inline_auto\" id=\"style-css-av-mgq84cum-39d869c7a6ce5357f495a65b656bbe3d\">\n.avia-section.av-mgq84cum-39d869c7a6ce5357f495a65b656bbe3d{\nbackground-repeat:no-repeat;\nbackground-image:url(https:\/\/somvending.com\/wp-content\/uploads\/2025\/10\/som-bg-1.jpg);\nbackground-position:100% 100%;\nbackground-attachment:scroll;\n}\n<\/style>\n<div id='av_section_1'  class='avia-section av-mgq84cum-39d869c7a6ce5357f495a65b656bbe3d main_color avia-section-default avia-no-border-styling  avia-builder-el-0  el_before_av_section  avia-builder-el-first  avia-full-stretch avia-bg-style-scroll container_wrap fullsize'  data-section-bg-repeat='stretch'><div class='container av-section-cont-open' ><main  role=\"main\" itemprop=\"mainContentOfPage\"  class='template-page content  av-content-full alpha units'><div class='post-entry post-entry-type-page post-entry-284'><div class='entry-content-wrapper clearfix'>\n<div  class='flex_column av-o7bb-ad1caebae150cdc7ff6871110a3ea07e av_one_full  avia-builder-el-1  avia-builder-el-no-sibling  first flex_column_div  '     ><style type=\"text\/css\" data-created_by=\"avia_inline_auto\" id=\"style-css-av-mgq84vqw-e1351a0b6c91c2981051a0784755353d\">\n#top .av-special-heading.av-mgq84vqw-e1351a0b6c91c2981051a0784755353d{\npadding-bottom:10px;\ncolor:#ffffff;\n}\nbody .av-special-heading.av-mgq84vqw-e1351a0b6c91c2981051a0784755353d .av-special-heading-tag .heading-char{\nfont-size:25px;\n}\n.av-special-heading.av-mgq84vqw-e1351a0b6c91c2981051a0784755353d .special-heading-inner-border{\nborder-color:#ffffff;\n}\n.av-special-heading.av-mgq84vqw-e1351a0b6c91c2981051a0784755353d .av-subheading{\nfont-size:15px;\n}\n<\/style>\n<div  class='av-special-heading av-mgq84vqw-e1351a0b6c91c2981051a0784755353d av-special-heading-h1 custom-color-heading blockquote modern-quote  avia-builder-el-2  avia-builder-el-no-sibling '><h1 class='av-special-heading-tag '  itemprop=\"headline\"  >Quienes somos<\/h1><div class=\"special-heading-border\"><div class=\"special-heading-inner-border\"><\/div><\/div><\/div><\/div><\/div><\/div><\/main><!-- close content main element --><\/div><\/div><div id='av_section_2'  class='avia-section av-1060v-cb6ca8a310ed54ea2a604dc6e77259c9 main_color avia-section-default avia-no-border-styling  avia-builder-el-3  el_after_av_section  el_before_av_section  avia-bg-style-scroll container_wrap fullsize'  ><div class='container av-section-cont-open' ><div class='template-page content  av-content-full alpha units'><div class='post-entry post-entry-type-page post-entry-284'><div class='entry-content-wrapper clearfix'>\n<div class='flex_column_table av-1j1qb-3e58ce6177d5934dd46d01b18c04abe7 sc-av_one_half av-equal-height-column-flextable'><div  class='flex_column av-1j1qb-3e58ce6177d5934dd46d01b18c04abe7 av_one_half  avia-builder-el-4  el_before_av_one_half  avia-builder-el-first  first flex_column_table_cell av-equal-height-column av-align-middle  '     ><p>\n<style type=\"text\/css\" data-created_by=\"avia_inline_auto\" id=\"style-css-av-mgq8owus-e23a3a1162d2b05ff59ed0cd84e47282\">\n#top .av-special-heading.av-mgq8owus-e23a3a1162d2b05ff59ed0cd84e47282{\nmargin:10px 0 -20px 0;\npadding-bottom:0;\n}\nbody .av-special-heading.av-mgq8owus-e23a3a1162d2b05ff59ed0cd84e47282 .av-special-heading-tag .heading-char{\nfont-size:25px;\n}\n.av-special-heading.av-mgq8owus-e23a3a1162d2b05ff59ed0cd84e47282 .av-subheading{\nfont-size:15px;\n}\n<\/style>\n<div  class='av-special-heading av-mgq8owus-e23a3a1162d2b05ff59ed0cd84e47282 av-special-heading-h2 blockquote modern-quote  avia-builder-el-5  el_before_av_textblock  avia-builder-el-first '><h2 class='av-special-heading-tag '  itemprop=\"headline\"  >25 a\u00f1os de historia haciendo vending<\/h2><div class=\"special-heading-border\"><div class=\"special-heading-inner-border\"><\/div><\/div><\/div><br \/>\n\n<style type=\"text\/css\" data-created_by=\"avia_inline_auto\" id=\"style-css-av-mgq8pax0-de47b2df012381f5823d1cc450f9608e\">\n#top .av_textblock_section.av-mgq8pax0-de47b2df012381f5823d1cc450f9608e .avia_textblock{\nfont-size:26px;\ncolor:#6c6c6c;\n}\n<\/style>\n<section  class='av_textblock_section av-mgq8pax0-de47b2df012381f5823d1cc450f9608e '   itemscope=\"itemscope\" itemtype=\"https:\/\/schema.org\/CreativeWork\" ><div class='avia_textblock av_inherit_color'  itemprop=\"text\" ><p>Nuestra pasi\u00f3n por el vending<\/p>\n<\/div><\/section><br \/>\n\n<style type=\"text\/css\" data-created_by=\"avia_inline_auto\" id=\"style-css-av-mgqadc1x-bb2fa105254f87207182403282bde1b9\">\n.avia-image-container.av-mgqadc1x-bb2fa105254f87207182403282bde1b9 img.avia_image{\nbox-shadow:none;\n}\n.avia-image-container.av-mgqadc1x-bb2fa105254f87207182403282bde1b9 .av-image-caption-overlay-center{\ncolor:#ffffff;\n}\n<\/style>\n<div  class='avia-image-container av-mgqadc1x-bb2fa105254f87207182403282bde1b9 av-styling- avia-align-left  avia-builder-el-7  el_after_av_textblock  avia-builder-el-last '   itemprop=\"image\" itemscope=\"itemscope\" itemtype=\"https:\/\/schema.org\/ImageObject\" ><div class=\"avia-image-container-inner\"><div class=\"avia-image-overlay-wrap\"><img decoding=\"async\" fetchpriority=\"high\" class='wp-image-187 avia-img-lazy-loading-not-187 avia_image ' src=\"https:\/\/somvending.com\/wp-content\/uploads\/2025\/10\/desde-1999.png\" alt='Lletres d&#039;any de fundaci\u00f3 amb fotos de m\u00e0quines vending' title='1999'  height=\"300\" width=\"552\"  itemprop=\"thumbnailUrl\" srcset=\"https:\/\/somvending.com\/wp-content\/uploads\/2025\/10\/desde-1999.png 552w, https:\/\/somvending.com\/wp-content\/uploads\/2025\/10\/desde-1999-300x163.png 300w\" sizes=\"(max-width: 552px) 100vw, 552px\" \/><\/div><\/div><\/div><\/p><\/div><div class='av-flex-placeholder'><\/div><div  class='flex_column av-12laj-08757a5996ceaec41ea6fc9ff80fdda5 av_one_half  avia-builder-el-8  el_after_av_one_half  avia-builder-el-last  flex_column_table_cell av-equal-height-column av-align-middle  '     ><p><section  class='av_textblock_section av-mgq8riho-a8ecb7ef6237ac8f08c8a1bc3d2c6931 '   itemscope=\"itemscope\" itemtype=\"https:\/\/schema.org\/CreativeWork\" ><div class='avia_textblock'  itemprop=\"text\" ><p>En <strong>Som Vending<\/strong> somos especialistas en la explotaci\u00f3n de m\u00e1quinas vending y llevamos <strong>25 a\u00f1os de experiencia<\/strong> dando servicio a empresas y centros de toda <strong>Catalu\u00f1a<\/strong>. Nuestro modelo se basa en la calidad de las m\u00e1quinas, con una cuidada selecci\u00f3n de caf\u00e9, snacks y bebidas, y en la rapidez. Ofrecemos una gesti\u00f3n integral del servicio de <strong>vending en Barcelona<\/strong>, \u200b\u200badaptando la oferta de producto y los m\u00e9todos de pago (App, tarjeta, NFC) a la tipolog\u00eda espec\u00edfica de cada cliente (oficinas, hospitales, centros educativos, etc.).<\/p>\n<\/div><\/section><br \/>\n\n<style type=\"text\/css\" data-created_by=\"avia_inline_auto\" id=\"style-css-av-mgq8sznd-3a2cf25e647b8c28de4232bce3c25607\">\n#top .av_textblock_section.av-mgq8sznd-3a2cf25e647b8c28de4232bce3c25607 .avia_textblock{\ncolor:#6c6c6c;\n}\n<\/style>\n<section  class='av_textblock_section av-mgq8sznd-3a2cf25e647b8c28de4232bce3c25607 '   itemscope=\"itemscope\" itemtype=\"https:\/\/schema.org\/CreativeWork\" ><div class='avia_textblock av_inherit_color'  itemprop=\"text\" ><p>Nuestra excelencia operativa se apoya en dos pilares. En primer lugar, disponemos de un<strong> servicio t\u00e9cnico propio<\/strong>, lo que nos permite garantizar un tiempo de respuesta r\u00e1pido y eficaz frente a cualquier aver\u00eda, asegurando la m\u00e1xima disponibilidad de las m\u00e1quinas. En segundo lugar, <strong>nuestra cobertura<\/strong> en la provincia de Barcelona se gestiona a trav\u00e9s de <strong>4 rutas independientes,<\/strong> planificadas mediante sistemas de telemetr\u00eda online. Esto optimiza nuestros recursos y nos permite ser m\u00e1s eficientes y respetuosos con el medio ambiente.<\/p>\n<\/div><\/section><\/p><\/div><\/div><!--close column table wrapper. Autoclose: 1 --><\/div><\/div><\/div><!-- close content main div --><\/div><\/div>\n<style type=\"text\/css\" data-created_by=\"avia_inline_auto\" id=\"style-css-av-mgqagnam-b42cc47891bee13d9742b70c8804cec7\">\n.avia-section.av-mgqagnam-b42cc47891bee13d9742b70c8804cec7{\nbackground-repeat:no-repeat;\nbackground-image:url(https:\/\/somvending.com\/wp-content\/uploads\/2025\/10\/bg-1.jpg);\nbackground-position:50% 50%;\nbackground-attachment:scroll;\n}\n<\/style>\n<div id='av_section_3'  class='avia-section av-mgqagnam-b42cc47891bee13d9742b70c8804cec7 main_color avia-section-default avia-no-border-styling  avia-builder-el-11  el_after_av_section  el_before_av_partner  avia-full-stretch avia-bg-style-scroll container_wrap fullsize'  data-section-bg-repeat='stretch'><div class='container av-section-cont-open' ><div class='template-page content  av-content-full alpha units'><div class='post-entry post-entry-type-page post-entry-284'><div class='entry-content-wrapper clearfix'>\n<div  class='flex_column av-3vedr-a7b782d69219338cc2b38f2264107bab av_one_fifth  avia-builder-el-12  el_before_av_three_fifth  avia-builder-el-first  first flex_column_div  '     ><\/div><div  class='flex_column av-cemf-3a7cc06824fe00d371b531901a85b728 av_three_fifth  avia-builder-el-13  el_after_av_one_fifth  el_before_av_one_fifth  flex_column_div  '     ><p>\n<style type=\"text\/css\" data-created_by=\"avia_inline_auto\" id=\"style-css-av-mgqaoivc-90d162f6aec9f126b8a6de537ca2ed40\">\n#top .av-special-heading.av-mgqaoivc-90d162f6aec9f126b8a6de537ca2ed40{\npadding-bottom:10px;\ncolor:#926d39;\n}\nbody .av-special-heading.av-mgqaoivc-90d162f6aec9f126b8a6de537ca2ed40 .av-special-heading-tag .heading-char{\nfont-size:25px;\n}\n.av-special-heading.av-mgqaoivc-90d162f6aec9f126b8a6de537ca2ed40 .special-heading-inner-border{\nborder-color:#926d39;\n}\n.av-special-heading.av-mgqaoivc-90d162f6aec9f126b8a6de537ca2ed40 .av-subheading{\nfont-size:15px;\ncolor:#000000;\n}\n<\/style>\n<div  class='av-special-heading av-mgqaoivc-90d162f6aec9f126b8a6de537ca2ed40 av-special-heading-h2 custom-color-heading blockquote modern-quote modern-centered  avia-builder-el-14  el_before_av_textblock  avia-builder-el-first '><div class='av_custom_color av-subheading av-subheading_above'><p>Nacionales e internacionales<\/p>\n<\/div><h2 class='av-special-heading-tag '  itemprop=\"headline\"  >Trabajamos con marcas l\u00edderes<\/h2><div class=\"special-heading-border\"><div class=\"special-heading-inner-border\"><\/div><\/div><\/div><br \/>\n\n<style type=\"text\/css\" data-created_by=\"avia_inline_auto\" id=\"style-css-av-mgqaqnoj-92e46d82e2c6de687859cf582a4c33c7\">\n#top .av_textblock_section.av-mgqaqnoj-92e46d82e2c6de687859cf582a4c33c7 .avia_textblock{\ncolor:#6c6c6c;\n}\n<\/style>\n<section  class='av_textblock_section av-mgqaqnoj-92e46d82e2c6de687859cf582a4c33c7 '   itemscope=\"itemscope\" itemtype=\"https:\/\/schema.org\/CreativeWork\" ><div class='avia_textblock av_inherit_color'  itemprop=\"text\" ><p style=\"text-align: center;\">Nuestro compromiso es con la excelencia. Colaboramos con los principales fabricantes de maquinaria y distribuidores de alimentaci\u00f3n, manteniendo siempre la mejor oferta actualizada.<\/p>\n<\/div><\/section><\/p><\/div><div  class='flex_column av-2vnyn-e4c009d70639721c452aaa352d63f530 av_one_fifth  avia-builder-el-16  el_after_av_three_fifth  avia-builder-el-last  flex_column_div  '     ><\/div><\/div><\/div><\/div><!-- close content main div --><\/div><\/div><div id='after_section_3'  class='main_color av_default_container_wrap container_wrap fullsize'  ><div class='container av-section-cont-open' ><div class='template-page content  av-content-full alpha units'><div class='post-entry post-entry-type-page post-entry-284'><div class='entry-content-wrapper clearfix'><div  class='avia-logo-element-container av-mgqas8q6-6df2f48204b8a4b130148187af63c044 av-border-deactivate avia-logo-slider avia-content-slider avia-smallarrow-slider avia-content-slider-active noHover avia-content-slider-odd  avia-builder-el-17  el_after_av_section  avia-builder-el-no-sibling  av-slideshow-ui av-control-default av-nav-arrows-visible av-nav-dots-visible av-no-slider-navigation av-slideshow-manual av-loop-once av-loop-manual-endless avia-content-slider1' data-slideshow-options=\"{&quot;animation&quot;:&quot;slide&quot;,&quot;autoplay&quot;:false,&quot;loop_autoplay&quot;:&quot;once&quot;,&quot;interval&quot;:5,&quot;loop_manual&quot;:&quot;manual-endless&quot;,&quot;autoplay_stopper&quot;:false,&quot;noNavigation&quot;:false,&quot;bg_slider&quot;:false,&quot;keep_padding&quot;:&quot;&quot;,&quot;hoverpause&quot;:false,&quot;show_slide_delay&quot;:0}\"><div class='avia-smallarrow-slider-heading  no-logo-slider-heading '><div class='new-special-heading'>&nbsp;<\/div><\/div><div class=\"avia-content-slider-inner\"><div class=\"slide-entry-wrap\"><div  class='slide-entry av-21drf-c6b44ec45ba686d73facc363f1cbf6b8 flex_column no_margin av_one_third real-thumbnail post-entry slide-entry-overview slide-loop-1 slide-parity-odd  first'><img decoding=\"async\" fetchpriority=\"high\" width=\"200\" height=\"121\" src=\"https:\/\/somvending.com\/wp-content\/uploads\/2025\/10\/vendo.jpg\" class=\"wp-image-199 avia-img-lazy-loading-not-199 attachment-no scaling size-no scaling\" alt=\"Logotip de Vendo sandes\" \/><\/div><div  class='slide-entry av-3jvf-738abcf629a4e1a53b97d584baca343b flex_column no_margin av_one_third real-thumbnail post-entry slide-entry-overview slide-loop-2 slide-parity-even  '><img decoding=\"async\" fetchpriority=\"high\" width=\"200\" height=\"121\" src=\"https:\/\/somvending.com\/wp-content\/uploads\/2025\/10\/bianchi.jpg\" class=\"wp-image-203 avia-img-lazy-loading-not-203 attachment-no scaling size-no scaling\" alt=\"Logo de Bianchi Vending\" \/><\/div><div  class='slide-entry av-1e89v-0f19be19c6fcc0d1d6419bff99031441 flex_column no_margin av_one_third real-thumbnail post-entry slide-entry-overview slide-loop-3 slide-parity-odd post-entry-last '><img decoding=\"async\" fetchpriority=\"high\" width=\"200\" height=\"121\" src=\"https:\/\/somvending.com\/wp-content\/uploads\/2025\/10\/necta.jpg\" class=\"wp-image-201 avia-img-lazy-loading-not-201 attachment-no scaling size-no scaling\" alt=\"Logo de Necta\" \/><\/div><\/div><\/div><\/div><\/p>\n","protected":false},"excerpt":{"rendered":"","protected":false},"author":1,"featured_media":0,"parent":0,"menu_order":0,"comment_status":"closed","ping_status":"closed","template":"","meta":{"footnotes":""},"class_list":["post-284","page","type-page","status-publish","hentry"],"yoast_head":"<!-- This site is optimized with the Yoast SEO plugin v26.8 - https:\/\/yoast.com\/product\/yoast-seo-wordpress\/ -->\n<title>\u00bfQui\u00e9nes Somos? Tu empresa de vending<\/title>\n<meta name=\"description\" content=\"Descubre nuestros 25 a\u00f1os de experiencia en vending. Servicio t\u00e9cnico propio, 4 rutas en Barcelona y gesti\u00f3n con telemetr\u00eda.\" \/>\n<meta name=\"robots\" content=\"index, follow, max-snippet:-1, max-image-preview:large, max-video-preview:-1\" \/>\n<link rel=\"canonical\" href=\"https:\/\/somvending.com\/es\/quienes-somos\/\" \/>\n<meta property=\"og:locale\" content=\"es_ES\" \/>\n<meta property=\"og:type\" content=\"article\" \/>\n<meta property=\"og:title\" content=\"\u00bfQui\u00e9nes Somos? Tu empresa de vending\" \/>\n<meta property=\"og:description\" content=\"Descubre nuestros 25 a\u00f1os de experiencia en vending. Servicio t\u00e9cnico propio, 4 rutas en Barcelona y gesti\u00f3n con telemetr\u00eda.\" \/>\n<meta property=\"og:url\" content=\"https:\/\/somvending.com\/es\/quienes-somos\/\" \/>\n<meta property=\"og:site_name\" content=\"somvending\" \/>\n<meta property=\"article:modified_time\" content=\"2025-10-23T08:41:54+00:00\" \/>\n<meta name=\"twitter:card\" content=\"summary_large_image\" \/>\n<meta name=\"twitter:label1\" content=\"Tiempo de lectura\" \/>\n\t<meta name=\"twitter:data1\" content=\"2 minutos\" \/>\n<script type=\"application\/ld+json\" class=\"yoast-schema-graph\">{\"@context\":\"https:\/\/schema.org\",\"@graph\":[{\"@type\":\"WebPage\",\"@id\":\"https:\/\/somvending.com\/es\/quienes-somos\/\",\"url\":\"https:\/\/somvending.com\/es\/quienes-somos\/\",\"name\":\"\u00bfQui\u00e9nes Somos? Tu empresa de vending\",\"isPartOf\":{\"@id\":\"https:\/\/somvending.com\/#website\"},\"datePublished\":\"2025-10-13T06:56:23+00:00\",\"dateModified\":\"2025-10-23T08:41:54+00:00\",\"description\":\"Descubre nuestros 25 a\u00f1os de experiencia en vending. Servicio t\u00e9cnico propio, 4 rutas en Barcelona y gesti\u00f3n con telemetr\u00eda.\",\"breadcrumb\":{\"@id\":\"https:\/\/somvending.com\/es\/quienes-somos\/#breadcrumb\"},\"inLanguage\":\"es\",\"potentialAction\":[{\"@type\":\"ReadAction\",\"target\":[\"https:\/\/somvending.com\/es\/quienes-somos\/\"]}]},{\"@type\":\"BreadcrumbList\",\"@id\":\"https:\/\/somvending.com\/es\/quienes-somos\/#breadcrumb\",\"itemListElement\":[{\"@type\":\"ListItem\",\"position\":1,\"name\":\"Portada\",\"item\":\"https:\/\/somvending.com\/es\/inicio\/\"},{\"@type\":\"ListItem\",\"position\":2,\"name\":\"Quienes somos\"}]},{\"@type\":\"WebSite\",\"@id\":\"https:\/\/somvending.com\/#website\",\"url\":\"https:\/\/somvending.com\/\",\"name\":\"somvending\",\"description\":\"\",\"potentialAction\":[{\"@type\":\"SearchAction\",\"target\":{\"@type\":\"EntryPoint\",\"urlTemplate\":\"https:\/\/somvending.com\/?s={search_term_string}\"},\"query-input\":{\"@type\":\"PropertyValueSpecification\",\"valueRequired\":true,\"valueName\":\"search_term_string\"}}],\"inLanguage\":\"es\"}]}<\/script>\n<!-- \/ Yoast SEO plugin. -->","yoast_head_json":{"title":"\u00bfQui\u00e9nes Somos? Tu empresa de vending","description":"Descubre nuestros 25 a\u00f1os de experiencia en vending. Servicio t\u00e9cnico propio, 4 rutas en Barcelona y gesti\u00f3n con telemetr\u00eda.","robots":{"index":"index","follow":"follow","max-snippet":"max-snippet:-1","max-image-preview":"max-image-preview:large","max-video-preview":"max-video-preview:-1"},"canonical":"https:\/\/somvending.com\/es\/quienes-somos\/","og_locale":"es_ES","og_type":"article","og_title":"\u00bfQui\u00e9nes Somos? Tu empresa de vending","og_description":"Descubre nuestros 25 a\u00f1os de experiencia en vending. Servicio t\u00e9cnico propio, 4 rutas en Barcelona y gesti\u00f3n con telemetr\u00eda.","og_url":"https:\/\/somvending.com\/es\/quienes-somos\/","og_site_name":"somvending","article_modified_time":"2025-10-23T08:41:54+00:00","twitter_card":"summary_large_image","twitter_misc":{"Tiempo de lectura":"2 minutos"},"schema":{"@context":"https:\/\/schema.org","@graph":[{"@type":"WebPage","@id":"https:\/\/somvending.com\/es\/quienes-somos\/","url":"https:\/\/somvending.com\/es\/quienes-somos\/","name":"\u00bfQui\u00e9nes Somos? Tu empresa de vending","isPartOf":{"@id":"https:\/\/somvending.com\/#website"},"datePublished":"2025-10-13T06:56:23+00:00","dateModified":"2025-10-23T08:41:54+00:00","description":"Descubre nuestros 25 a\u00f1os de experiencia en vending. Servicio t\u00e9cnico propio, 4 rutas en Barcelona y gesti\u00f3n con telemetr\u00eda.","breadcrumb":{"@id":"https:\/\/somvending.com\/es\/quienes-somos\/#breadcrumb"},"inLanguage":"es","potentialAction":[{"@type":"ReadAction","target":["https:\/\/somvending.com\/es\/quienes-somos\/"]}]},{"@type":"BreadcrumbList","@id":"https:\/\/somvending.com\/es\/quienes-somos\/#breadcrumb","itemListElement":[{"@type":"ListItem","position":1,"name":"Portada","item":"https:\/\/somvending.com\/es\/inicio\/"},{"@type":"ListItem","position":2,"name":"Quienes somos"}]},{"@type":"WebSite","@id":"https:\/\/somvending.com\/#website","url":"https:\/\/somvending.com\/","name":"somvending","description":"","potentialAction":[{"@type":"SearchAction","target":{"@type":"EntryPoint","urlTemplate":"https:\/\/somvending.com\/?s={search_term_string}"},"query-input":{"@type":"PropertyValueSpecification","valueRequired":true,"valueName":"search_term_string"}}],"inLanguage":"es"}]}},"_links":{"self":[{"href":"https:\/\/somvending.com\/es\/wp-json\/wp\/v2\/pages\/284","targetHints":{"allow":["GET"]}}],"collection":[{"href":"https:\/\/somvending.com\/es\/wp-json\/wp\/v2\/pages"}],"about":[{"href":"https:\/\/somvending.com\/es\/wp-json\/wp\/v2\/types\/page"}],"author":[{"embeddable":true,"href":"https:\/\/somvending.com\/es\/wp-json\/wp\/v2\/users\/1"}],"replies":[{"embeddable":true,"href":"https:\/\/somvending.com\/es\/wp-json\/wp\/v2\/comments?post=284"}],"version-history":[{"count":3,"href":"https:\/\/somvending.com\/es\/wp-json\/wp\/v2\/pages\/284\/revisions"}],"predecessor-version":[{"id":308,"href":"https:\/\/somvending.com\/es\/wp-json\/wp\/v2\/pages\/284\/revisions\/308"}],"wp:attachment":[{"href":"https:\/\/somvending.com\/es\/wp-json\/wp\/v2\/media?parent=284"}],"curies":[{"name":"wp","href":"https:\/\/api.w.org\/{rel}","templated":true}]}}