{"id":281,"date":"2025-10-13T07:02:09","date_gmt":"2025-10-13T07:02:09","guid":{"rendered":"https:\/\/somvending.com\/descarregues\/"},"modified":"2025-10-23T09:03:47","modified_gmt":"2025-10-23T09:03:47","slug":"descargas","status":"publish","type":"page","link":"https:\/\/somvending.com\/es\/descargas\/","title":{"rendered":"Descargas"},"content":{"rendered":"\n<style type=\"text\/css\" data-created_by=\"avia_inline_auto\" id=\"style-css-av-5g8wx-b299ad642f33464761965b5d32df0749\">\n.avia-section.av-5g8wx-b299ad642f33464761965b5d32df0749{\nbackground-repeat:no-repeat;\nbackground-image:url(https:\/\/somvending.com\/wp-content\/uploads\/2025\/10\/som-bg-1.jpg);\nbackground-position:100% 100%;\nbackground-attachment:scroll;\n}\n<\/style>\n<div id='av_section_1'  class='avia-section av-5g8wx-b299ad642f33464761965b5d32df0749 main_color avia-section-default avia-no-border-styling  avia-builder-el-0  el_before_av_section  avia-builder-el-first  avia-full-stretch avia-bg-style-scroll container_wrap fullsize'  data-section-bg-repeat='stretch'><div class='container av-section-cont-open' ><main  role=\"main\" itemprop=\"mainContentOfPage\"  class='template-page content  av-content-full alpha units'><div class='post-entry post-entry-type-page post-entry-281'><div class='entry-content-wrapper clearfix'>\n<div  class='flex_column av-4zho9-4a6b0c3e43597420bf255217d1e4d6bb av_one_full  avia-builder-el-1  avia-builder-el-no-sibling  first flex_column_div  '     ><style type=\"text\/css\" data-created_by=\"avia_inline_auto\" id=\"style-css-av-mgqff1u9-0b5e53543f3758e7bbd84e9d3e9604dd\">\n#top .av-special-heading.av-mgqff1u9-0b5e53543f3758e7bbd84e9d3e9604dd{\npadding-bottom:10px;\ncolor:#ffffff;\n}\nbody .av-special-heading.av-mgqff1u9-0b5e53543f3758e7bbd84e9d3e9604dd .av-special-heading-tag .heading-char{\nfont-size:25px;\n}\n.av-special-heading.av-mgqff1u9-0b5e53543f3758e7bbd84e9d3e9604dd .special-heading-inner-border{\nborder-color:#ffffff;\n}\n.av-special-heading.av-mgqff1u9-0b5e53543f3758e7bbd84e9d3e9604dd .av-subheading{\nfont-size:15px;\n}\n<\/style>\n<div  class='av-special-heading av-mgqff1u9-0b5e53543f3758e7bbd84e9d3e9604dd av-special-heading-h1 custom-color-heading blockquote modern-quote  avia-builder-el-2  avia-builder-el-no-sibling '><h1 class='av-special-heading-tag '  itemprop=\"headline\"  >Descargas<\/h1><div class=\"special-heading-border\"><div class=\"special-heading-inner-border\"><\/div><\/div><\/div><\/div><\/div><\/div><\/main><!-- close content main element --><\/div><\/div>\n<style type=\"text\/css\" data-created_by=\"avia_inline_auto\" id=\"style-css-av-4jd49-4df10b2ac24cf1671f38bbe3b297ecfd\">\n.avia-section.av-4jd49-4df10b2ac24cf1671f38bbe3b297ecfd{\nbackground-repeat:no-repeat;\nbackground-image:url(https:\/\/somvending.com\/wp-content\/uploads\/2025\/10\/bg-1.jpg);\nbackground-position:0% 0%;\nbackground-attachment:scroll;\n}\n<\/style>\n<div id='av_section_2'  class='avia-section av-4jd49-4df10b2ac24cf1671f38bbe3b297ecfd main_color avia-section-default avia-no-border-styling  avia-builder-el-3  el_after_av_section  avia-builder-el-last  avia-full-stretch avia-bg-style-scroll container_wrap fullsize'  data-section-bg-repeat='stretch'><div class='container av-section-cont-open' ><div class='template-page content  av-content-full alpha units'><div class='post-entry post-entry-type-page post-entry-281'><div class='entry-content-wrapper clearfix'>\n<div  class='flex_column av-3tlq5-1d940366a8b05240b473c1bfcd1b40c9 av_one_half  avia-builder-el-4  el_before_av_one_half  avia-builder-el-first  first flex_column_div  '     ><p>\n<style type=\"text\/css\" data-created_by=\"avia_inline_auto\" id=\"style-css-av-mgqfgmzk-73bffaa31b7ed065991beaee05f61271\">\n#top .av-special-heading.av-mgqfgmzk-73bffaa31b7ed065991beaee05f61271{\nmargin:10px 0 -20px 0;\npadding-bottom:0;\n}\nbody .av-special-heading.av-mgqfgmzk-73bffaa31b7ed065991beaee05f61271 .av-special-heading-tag .heading-char{\nfont-size:25px;\n}\n.av-special-heading.av-mgqfgmzk-73bffaa31b7ed065991beaee05f61271 .av-subheading{\nfont-size:15px;\n}\n<\/style>\n<div  class='av-special-heading av-mgqfgmzk-73bffaa31b7ed065991beaee05f61271 av-special-heading-h2 blockquote modern-quote  avia-builder-el-5  el_before_av_textblock  avia-builder-el-first '><h2 class='av-special-heading-tag '  itemprop=\"headline\"  >Monedero virtual vending<\/h2><div class=\"special-heading-border\"><div class=\"special-heading-inner-border\"><\/div><\/div><\/div><br \/>\n\n<style type=\"text\/css\" data-created_by=\"avia_inline_auto\" id=\"style-css-av-mgqfh5a1-358b8d985487b19706b2cfd177d2443e\">\n#top .av_textblock_section.av-mgqfh5a1-358b8d985487b19706b2cfd177d2443e .avia_textblock{\nfont-size:26px;\ncolor:#6c6c6c;\n}\n<\/style>\n<section  class='av_textblock_section av-mgqfh5a1-358b8d985487b19706b2cfd177d2443e '   itemscope=\"itemscope\" itemtype=\"https:\/\/schema.org\/CreativeWork\" ><div class='avia_textblock av_inherit_color'  itemprop=\"text\" ><p>App de pago seguro vending<\/p>\n<\/div><\/section><\/p><\/div><div  class='flex_column av-37r5h-63c692ec4721aefb3613154d6c9db497 av_one_half  avia-builder-el-7  el_after_av_one_half  el_before_av_one_fifth  flex_column_div  '     ><section  class='av_textblock_section av-mgqfhb5j-73afa356576d662090534e53edde3190 '   itemscope=\"itemscope\" itemtype=\"https:\/\/schema.org\/CreativeWork\" ><div class='avia_textblock'  itemprop=\"text\" ><p>Controla tus gastos y paga con m\u00e1xima seguridad. El monedero digital de Som Vending es la soluci\u00f3n cashless m\u00e1s eficiente para Barcelona.<\/p>\n<\/div><\/section><\/div><div  class='flex_column av-2xxu1-cd24105d2e7f5e61c5c69946bfdbf087 av_one_fifth  avia-builder-el-9  el_after_av_one_half  el_before_av_one_third  first flex_column_div  column-top-margin'     ><\/div><div  class='flex_column av-1xpwd-fb06f9d1ea638be0654de124342c2c2e av_one_third  avia-builder-el-10  el_after_av_one_fifth  el_before_av_one_fourth  flex_column_div  column-top-margin'     ><style type=\"text\/css\" data-created_by=\"avia_inline_auto\" id=\"style-css-av-mgqfvejc-e888dd842bfd32d0a16cfd7275fb441a\">\n.avia-image-container.av-mgqfvejc-e888dd842bfd32d0a16cfd7275fb441a img.avia_image{\nbox-shadow:none;\n}\n.avia-image-container.av-mgqfvejc-e888dd842bfd32d0a16cfd7275fb441a .av-image-caption-overlay-center{\ncolor:#ffffff;\n}\n<\/style>\n<div  class='avia-image-container av-mgqfvejc-e888dd842bfd32d0a16cfd7275fb441a av-styling- av-img-linked avia-align-center  avia-builder-el-11  avia-builder-el-no-sibling '   itemprop=\"image\" itemscope=\"itemscope\" itemtype=\"https:\/\/schema.org\/ImageObject\" ><div class=\"avia-image-container-inner\"><div class=\"avia-image-overlay-wrap\"><a href=\"https:\/\/play.google.com\/store\/apps\/details?id=com.caslab.caslabpay&amp;hl=es\" class='avia_image '  target=\"_blank\"  rel=\"noopener noreferrer\" aria-label='google-play'><img decoding=\"async\" fetchpriority=\"high\" class='wp-image-265 avia-img-lazy-loading-not-265 avia_image ' src=\"https:\/\/somvending.com\/wp-content\/uploads\/2025\/10\/google-play-300x103.jpg\" alt='Bot\u00f3 de desc\u00e0rrega app Google Play' title='google-play'  height=\"103\" width=\"300\"  itemprop=\"thumbnailUrl\" srcset=\"https:\/\/somvending.com\/wp-content\/uploads\/2025\/10\/google-play-300x103.jpg 300w, https:\/\/somvending.com\/wp-content\/uploads\/2025\/10\/google-play.jpg 383w\" sizes=\"(max-width: 300px) 100vw, 300px\" \/><\/a><\/div><\/div><\/div><\/div><div  class='flex_column av-1awu1-948f1ab5eb3d6cfe9d622b3d22b273c5 av_one_fourth  avia-builder-el-12  el_after_av_one_third  el_before_av_one_fifth  flex_column_div  column-top-margin'     ><style type=\"text\/css\" data-created_by=\"avia_inline_auto\" id=\"style-css-av-mgqfvmk4-1a5033944093b4e72c392186742394e0\">\n.avia-image-container.av-mgqfvmk4-1a5033944093b4e72c392186742394e0 img.avia_image{\nbox-shadow:none;\n}\n.avia-image-container.av-mgqfvmk4-1a5033944093b4e72c392186742394e0 .av-image-caption-overlay-center{\ncolor:#ffffff;\n}\n<\/style>\n<div  class='avia-image-container av-mgqfvmk4-1a5033944093b4e72c392186742394e0 av-styling- av-img-linked avia-align-center  avia-builder-el-13  avia-builder-el-no-sibling '   itemprop=\"image\" itemscope=\"itemscope\" itemtype=\"https:\/\/schema.org\/ImageObject\" ><div class=\"avia-image-container-inner\"><div class=\"avia-image-overlay-wrap\"><a href=\"https:\/\/apps.apple.com\/es\/app\/caslab-pay\/id1615398396\" class='avia_image '  target=\"_blank\"  rel=\"noopener noreferrer\" aria-label='app-store'><img decoding=\"async\" fetchpriority=\"high\" class='wp-image-267 avia-img-lazy-loading-not-267 avia_image ' src=\"https:\/\/somvending.com\/wp-content\/uploads\/2025\/10\/app-store.png\" alt='Bot\u00f3 de desc\u00e0rrega app Apple' title='app-store'  height=\"132\" width=\"383\"  itemprop=\"thumbnailUrl\" srcset=\"https:\/\/somvending.com\/wp-content\/uploads\/2025\/10\/app-store.png 383w, https:\/\/somvending.com\/wp-content\/uploads\/2025\/10\/app-store-300x103.png 300w\" sizes=\"(max-width: 383px) 100vw, 383px\" \/><\/a><\/div><\/div><\/div><\/div><div  class='flex_column av-x1zp-9e0843f52e49d037702981f5ee79772c av_one_fifth  avia-builder-el-14  el_after_av_one_fourth  avia-builder-el-last  flex_column_div  column-top-margin'     ><\/div><\/p>\n","protected":false},"excerpt":{"rendered":"","protected":false},"author":1,"featured_media":0,"parent":0,"menu_order":0,"comment_status":"closed","ping_status":"closed","template":"","meta":{"footnotes":""},"class_list":["post-281","page","type-page","status-publish","hentry"],"yoast_head":"<!-- This site is optimized with the Yoast SEO plugin v26.8 - https:\/\/yoast.com\/product\/yoast-seo-wordpress\/ -->\n<title>Monedero virtual vending: Paga f\u00e1cil y seguro con la app<\/title>\n<meta name=\"description\" content=\"Paga de forma segura con el monedero virtual de Som Vending. Consigue bonificaciones y disfruta de promociones exclusivas.\" \/>\n<meta name=\"robots\" content=\"index, follow, max-snippet:-1, max-image-preview:large, max-video-preview:-1\" \/>\n<link rel=\"canonical\" href=\"https:\/\/somvending.com\/es\/descargas\/\" \/>\n<meta property=\"og:locale\" content=\"es_ES\" \/>\n<meta property=\"og:type\" content=\"article\" \/>\n<meta property=\"og:title\" content=\"Monedero virtual vending: Paga f\u00e1cil y seguro con la app\" \/>\n<meta property=\"og:description\" content=\"Paga de forma segura con el monedero virtual de Som Vending. Consigue bonificaciones y disfruta de promociones exclusivas.\" \/>\n<meta property=\"og:url\" content=\"https:\/\/somvending.com\/es\/descargas\/\" \/>\n<meta property=\"og:site_name\" content=\"somvending\" \/>\n<meta property=\"article:modified_time\" content=\"2025-10-23T09:03:47+00:00\" \/>\n<meta name=\"twitter:card\" content=\"summary_large_image\" \/>\n<meta name=\"twitter:label1\" content=\"Tiempo de lectura\" \/>\n\t<meta name=\"twitter:data1\" content=\"1 minuto\" \/>\n<script type=\"application\/ld+json\" class=\"yoast-schema-graph\">{\"@context\":\"https:\/\/schema.org\",\"@graph\":[{\"@type\":\"WebPage\",\"@id\":\"https:\/\/somvending.com\/es\/descargas\/\",\"url\":\"https:\/\/somvending.com\/es\/descargas\/\",\"name\":\"Monedero virtual vending: Paga f\u00e1cil y seguro con la app\",\"isPartOf\":{\"@id\":\"https:\/\/somvending.com\/#website\"},\"datePublished\":\"2025-10-13T07:02:09+00:00\",\"dateModified\":\"2025-10-23T09:03:47+00:00\",\"description\":\"Paga de forma segura con el monedero virtual de Som Vending. Consigue bonificaciones y disfruta de promociones exclusivas.\",\"breadcrumb\":{\"@id\":\"https:\/\/somvending.com\/es\/descargas\/#breadcrumb\"},\"inLanguage\":\"es\",\"potentialAction\":[{\"@type\":\"ReadAction\",\"target\":[\"https:\/\/somvending.com\/es\/descargas\/\"]}]},{\"@type\":\"BreadcrumbList\",\"@id\":\"https:\/\/somvending.com\/es\/descargas\/#breadcrumb\",\"itemListElement\":[{\"@type\":\"ListItem\",\"position\":1,\"name\":\"Portada\",\"item\":\"https:\/\/somvending.com\/es\/inicio\/\"},{\"@type\":\"ListItem\",\"position\":2,\"name\":\"Descargas\"}]},{\"@type\":\"WebSite\",\"@id\":\"https:\/\/somvending.com\/#website\",\"url\":\"https:\/\/somvending.com\/\",\"name\":\"somvending\",\"description\":\"\",\"potentialAction\":[{\"@type\":\"SearchAction\",\"target\":{\"@type\":\"EntryPoint\",\"urlTemplate\":\"https:\/\/somvending.com\/?s={search_term_string}\"},\"query-input\":{\"@type\":\"PropertyValueSpecification\",\"valueRequired\":true,\"valueName\":\"search_term_string\"}}],\"inLanguage\":\"es\"}]}<\/script>\n<!-- \/ Yoast SEO plugin. -->","yoast_head_json":{"title":"Monedero virtual vending: Paga f\u00e1cil y seguro con la app","description":"Paga de forma segura con el monedero virtual de Som Vending. Consigue bonificaciones y disfruta de promociones exclusivas.","robots":{"index":"index","follow":"follow","max-snippet":"max-snippet:-1","max-image-preview":"max-image-preview:large","max-video-preview":"max-video-preview:-1"},"canonical":"https:\/\/somvending.com\/es\/descargas\/","og_locale":"es_ES","og_type":"article","og_title":"Monedero virtual vending: Paga f\u00e1cil y seguro con la app","og_description":"Paga de forma segura con el monedero virtual de Som Vending. Consigue bonificaciones y disfruta de promociones exclusivas.","og_url":"https:\/\/somvending.com\/es\/descargas\/","og_site_name":"somvending","article_modified_time":"2025-10-23T09:03:47+00:00","twitter_card":"summary_large_image","twitter_misc":{"Tiempo de lectura":"1 minuto"},"schema":{"@context":"https:\/\/schema.org","@graph":[{"@type":"WebPage","@id":"https:\/\/somvending.com\/es\/descargas\/","url":"https:\/\/somvending.com\/es\/descargas\/","name":"Monedero virtual vending: Paga f\u00e1cil y seguro con la app","isPartOf":{"@id":"https:\/\/somvending.com\/#website"},"datePublished":"2025-10-13T07:02:09+00:00","dateModified":"2025-10-23T09:03:47+00:00","description":"Paga de forma segura con el monedero virtual de Som Vending. Consigue bonificaciones y disfruta de promociones exclusivas.","breadcrumb":{"@id":"https:\/\/somvending.com\/es\/descargas\/#breadcrumb"},"inLanguage":"es","potentialAction":[{"@type":"ReadAction","target":["https:\/\/somvending.com\/es\/descargas\/"]}]},{"@type":"BreadcrumbList","@id":"https:\/\/somvending.com\/es\/descargas\/#breadcrumb","itemListElement":[{"@type":"ListItem","position":1,"name":"Portada","item":"https:\/\/somvending.com\/es\/inicio\/"},{"@type":"ListItem","position":2,"name":"Descargas"}]},{"@type":"WebSite","@id":"https:\/\/somvending.com\/#website","url":"https:\/\/somvending.com\/","name":"somvending","description":"","potentialAction":[{"@type":"SearchAction","target":{"@type":"EntryPoint","urlTemplate":"https:\/\/somvending.com\/?s={search_term_string}"},"query-input":{"@type":"PropertyValueSpecification","valueRequired":true,"valueName":"search_term_string"}}],"inLanguage":"es"}]}},"_links":{"self":[{"href":"https:\/\/somvending.com\/es\/wp-json\/wp\/v2\/pages\/281","targetHints":{"allow":["GET"]}}],"collection":[{"href":"https:\/\/somvending.com\/es\/wp-json\/wp\/v2\/pages"}],"about":[{"href":"https:\/\/somvending.com\/es\/wp-json\/wp\/v2\/types\/page"}],"author":[{"embeddable":true,"href":"https:\/\/somvending.com\/es\/wp-json\/wp\/v2\/users\/1"}],"replies":[{"embeddable":true,"href":"https:\/\/somvending.com\/es\/wp-json\/wp\/v2\/comments?post=281"}],"version-history":[{"count":3,"href":"https:\/\/somvending.com\/es\/wp-json\/wp\/v2\/pages\/281\/revisions"}],"predecessor-version":[{"id":316,"href":"https:\/\/somvending.com\/es\/wp-json\/wp\/v2\/pages\/281\/revisions\/316"}],"wp:attachment":[{"href":"https:\/\/somvending.com\/es\/wp-json\/wp\/v2\/media?parent=281"}],"curies":[{"name":"wp","href":"https:\/\/api.w.org\/{rel}","templated":true}]}}