{"id":280,"date":"2025-10-13T07:03:00","date_gmt":"2025-10-13T07:03:00","guid":{"rendered":"https:\/\/somvending.com\/contacte\/"},"modified":"2025-10-23T09:06:28","modified_gmt":"2025-10-23T09:06:28","slug":"contacto","status":"publish","type":"page","link":"https:\/\/somvending.com\/es\/contacto\/","title":{"rendered":"Contacto"},"content":{"rendered":"\n<style type=\"text\/css\" data-created_by=\"avia_inline_auto\" id=\"style-css-av-2s5yr-07529b5208166614d89b82098b46c6cc\">\n.avia-section.av-2s5yr-07529b5208166614d89b82098b46c6cc{\nbackground-repeat:no-repeat;\nbackground-image:url(https:\/\/somvending.com\/wp-content\/uploads\/2025\/10\/som-bg-1.jpg);\nbackground-position:100% 100%;\nbackground-attachment:scroll;\n}\n<\/style>\n<div id='av_section_1'  class='avia-section av-2s5yr-07529b5208166614d89b82098b46c6cc main_color avia-section-default avia-no-border-styling  avia-builder-el-0  el_before_av_section  avia-builder-el-first  avia-full-stretch avia-bg-style-scroll container_wrap fullsize'  data-section-bg-repeat='stretch'><div class='container av-section-cont-open' ><main  role=\"main\" itemprop=\"mainContentOfPage\"  class='template-page content  av-content-full alpha units'><div class='post-entry post-entry-type-page post-entry-280'><div class='entry-content-wrapper clearfix'>\n<div  class='flex_column av-1y5kb-59ab4ec53d0395aa5763abc82839bfc0 av_one_full  avia-builder-el-1  avia-builder-el-no-sibling  first flex_column_div  '     ><style type=\"text\/css\" data-created_by=\"avia_inline_auto\" id=\"style-css-av-mgqemgt4-24c696049a2b4fe80f5bde73e809fdab\">\n#top .av-special-heading.av-mgqemgt4-24c696049a2b4fe80f5bde73e809fdab{\npadding-bottom:10px;\ncolor:#ffffff;\n}\nbody .av-special-heading.av-mgqemgt4-24c696049a2b4fe80f5bde73e809fdab .av-special-heading-tag .heading-char{\nfont-size:25px;\n}\n.av-special-heading.av-mgqemgt4-24c696049a2b4fe80f5bde73e809fdab .special-heading-inner-border{\nborder-color:#ffffff;\n}\n.av-special-heading.av-mgqemgt4-24c696049a2b4fe80f5bde73e809fdab .av-subheading{\nfont-size:15px;\n}\n<\/style>\n<div  class='av-special-heading av-mgqemgt4-24c696049a2b4fe80f5bde73e809fdab av-special-heading-h1 custom-color-heading blockquote modern-quote  avia-builder-el-2  avia-builder-el-no-sibling '><h1 class='av-special-heading-tag '  itemprop=\"headline\"  >Contacto<\/h1><div class=\"special-heading-border\"><div class=\"special-heading-inner-border\"><\/div><\/div><\/div><\/div><\/div><\/div><\/main><!-- close content main element --><\/div><\/div>\n<style type=\"text\/css\" data-created_by=\"avia_inline_auto\" id=\"style-css-av-mgqen69u-62c4b91cf173b832ab1096eedd0344e7\">\n.avia-section.av-mgqen69u-62c4b91cf173b832ab1096eedd0344e7{\nbackground-repeat:no-repeat;\nbackground-image:url(https:\/\/somvending.com\/wp-content\/uploads\/2025\/10\/bg-1.jpg);\nbackground-position:0% 0%;\nbackground-attachment:scroll;\n}\n<\/style>\n<div id='av_section_2'  class='avia-section av-mgqen69u-62c4b91cf173b832ab1096eedd0344e7 main_color avia-section-default avia-no-border-styling  avia-builder-el-3  el_after_av_section  el_before_av_one_fifth  avia-full-stretch avia-bg-style-scroll container_wrap fullsize'  data-section-bg-repeat='stretch'><div class='container av-section-cont-open' ><div class='template-page content  av-content-full alpha units'><div class='post-entry post-entry-type-page post-entry-280'><div class='entry-content-wrapper clearfix'>\n<div  class='flex_column av-19da3-1aaa558710538521a16b6cdf29636498 av_one_half  avia-builder-el-4  el_before_av_one_half  avia-builder-el-first  first flex_column_div  '     ><p>\n<style type=\"text\/css\" data-created_by=\"avia_inline_auto\" id=\"style-css-av-mgqeo3db-8b6996bbe3f6d8952423d86625e5237d\">\n#top .av-special-heading.av-mgqeo3db-8b6996bbe3f6d8952423d86625e5237d{\nmargin:10px 0 -20px 0;\npadding-bottom:0;\n}\nbody .av-special-heading.av-mgqeo3db-8b6996bbe3f6d8952423d86625e5237d .av-special-heading-tag .heading-char{\nfont-size:25px;\n}\n.av-special-heading.av-mgqeo3db-8b6996bbe3f6d8952423d86625e5237d .av-subheading{\nfont-size:15px;\n}\n<\/style>\n<div  class='av-special-heading av-mgqeo3db-8b6996bbe3f6d8952423d86625e5237d av-special-heading-h2 blockquote modern-quote  avia-builder-el-5  el_before_av_textblock  avia-builder-el-first '><h2 class='av-special-heading-tag '  itemprop=\"headline\"  >Contacta con Som Vending<\/h2><div class=\"special-heading-border\"><div class=\"special-heading-inner-border\"><\/div><\/div><\/div><br \/>\n\n<style type=\"text\/css\" data-created_by=\"avia_inline_auto\" id=\"style-css-av-mgqeonjc-bb3c779abdc56cedb611cc3e751898dd\">\n#top .av_textblock_section.av-mgqeonjc-bb3c779abdc56cedb611cc3e751898dd .avia_textblock{\nfont-size:26px;\ncolor:#6c6c6c;\n}\n<\/style>\n<section  class='av_textblock_section av-mgqeonjc-bb3c779abdc56cedb611cc3e751898dd '   itemscope=\"itemscope\" itemtype=\"https:\/\/schema.org\/CreativeWork\" ><div class='avia_textblock av_inherit_color'  itemprop=\"text\" ><p>Asesoramiento personalizado<\/p>\n<\/div><\/section><\/p><\/div><div  class='flex_column av-w1nf-49703cd135ea94f53b95a3c95fe1e38e av_one_half  avia-builder-el-7  el_after_av_one_half  el_before_av_one_fourth  flex_column_div  '     ><section  class='av_textblock_section av-mgqep8ba-340ee6c58c11b1b814dbf1cda19b40a3 '   itemscope=\"itemscope\" itemtype=\"https:\/\/schema.org\/CreativeWork\" ><div class='avia_textblock'  itemprop=\"text\" ><p>Estamos preparados para responder a cualquier pregunta sobre nuestra maquinaria, productos o servicio t\u00e9cnico propio. Utiliza nuestro formulario de contacto o ll\u00e1manos directamente para iniciar tu proyecto de <strong>vending en Barcelona.<\/strong><\/p>\n<\/div><\/section><\/div><div class='flex_column_table av-mgqf6eui-4ec178d019506560a83f4e63b0daadcc sc-av_one_fourth av-equal-height-column-flextable'>\n<style type=\"text\/css\" data-created_by=\"avia_inline_auto\" id=\"style-css-av-mgqf6eui-4ec178d019506560a83f4e63b0daadcc\">\n.flex_column.av-mgqf6eui-4ec178d019506560a83f4e63b0daadcc{\nwidth:23.5%;\nmargin-left:0;\n}\n#top .flex_column_table.av-equal-height-column-flextable.av-mgqf6eui-4ec178d019506560a83f4e63b0daadcc .av-flex-placeholder{\nwidth:2%;\n}\n<\/style>\n<div  class='flex_column av-mgqf6eui-4ec178d019506560a83f4e63b0daadcc av_one_fourth  avia-builder-el-9  el_after_av_one_half  el_before_av_one_fourth  first flex_column_table_cell av-equal-height-column av-align-top  column-top-margin'     ><style type=\"text\/css\" data-created_by=\"avia_inline_auto\" id=\"style-css-av-mgqf3t3a-c9a0158fd79a6a0ee3b029e94db517db\">\n.iconbox.av-mgqf3t3a-c9a0158fd79a6a0ee3b029e94db517db .iconbox_icon{\ncolor:#926d39;\n}\n.iconbox.av-mgqf3t3a-c9a0158fd79a6a0ee3b029e94db517db .iconbox_icon.avia-svg-icon svg:first-child{\nfill:#926d39;\nstroke:#926d39;\n}\n<\/style>\n<article  class='iconbox iconbox_left av-mgqf3t3a-c9a0158fd79a6a0ee3b029e94db517db  avia-builder-el-10  avia-builder-el-no-sibling '  itemscope=\"itemscope\" itemtype=\"https:\/\/schema.org\/CreativeWork\" ><div class=\"iconbox_content\"><header class=\"entry-content-header\" aria-label=\"Icon: Direcci\u00f3n\"><a href='https:\/\/www.google.com\/maps\/place\/Carrer+de+V%C3%ADctor+Balaguer,+10,+08191+Rub%C3%AD,+Barcelona\/@41.4890395,2.0345831,846m\/data=!3m2!1e3!4b1!4m6!3m5!1s0x12a4916e1d6f9eb9:0xc573573f627c84f2!8m2!3d41.4890355!4d2.037158!16s%2Fg%2F11c4vgqfr1?entry=ttu&amp;g_ep=EgoyMDI1MTAwOC4wIKXMDSoASAFQAw%3D%3D' title='Direcci\u00f3n' aria-label='Direcci\u00f3n'  target=\"_blank\"  rel=\"noopener noreferrer\" class='iconbox_icon heading-color avia-iconfont avia-font-entypo-fontello' data-av_icon='\ue842' data-av_iconfont='entypo-fontello' title=\"Direcci\u00f3n\" desc=\"Direcci\u00f3n\" ><\/a><h3 class='iconbox_content_title '  itemprop=\"headline\" ><a href='https:\/\/www.google.com\/maps\/place\/Carrer+de+V%C3%ADctor+Balaguer,+10,+08191+Rub%C3%AD,+Barcelona\/@41.4890395,2.0345831,846m\/data=!3m2!1e3!4b1!4m6!3m5!1s0x12a4916e1d6f9eb9:0xc573573f627c84f2!8m2!3d41.4890355!4d2.037158!16s%2Fg%2F11c4vgqfr1?entry=ttu&amp;g_ep=EgoyMDI1MTAwOC4wIKXMDSoASAFQAw%3D%3D' title='Direcci\u00f3n'  target=\"_blank\"  rel=\"noopener noreferrer\">Direcci\u00f3n<\/a><\/h3><\/header><div class='iconbox_content_container '  itemprop=\"text\" ><p>c\/ V\u00edctor Balaguer, 10, 08191 Rub\u00ed (Barcelona)<\/p>\n<\/div><\/div><footer class=\"entry-footer\"><\/footer><\/article><\/div><div class='av-flex-placeholder'><\/div>\n<style type=\"text\/css\" data-created_by=\"avia_inline_auto\" id=\"style-css-av-2bxs7-fda6a3bb75ed6cdf6924abe5dc0bf452\">\n.flex_column.av-2bxs7-fda6a3bb75ed6cdf6924abe5dc0bf452{\nwidth:23.5%;\nmargin-left:0;\n}\n#top .flex_column_table.av-equal-height-column-flextable.av-2bxs7-fda6a3bb75ed6cdf6924abe5dc0bf452 .av-flex-placeholder{\nwidth:2%;\n}\n<\/style>\n<div  class='flex_column av-2bxs7-fda6a3bb75ed6cdf6924abe5dc0bf452 av_one_fourth  avia-builder-el-11  el_after_av_one_fourth  el_before_av_one_fourth  flex_column_table_cell av-equal-height-column av-align-top  column-top-margin'     ><style type=\"text\/css\" data-created_by=\"avia_inline_auto\" id=\"style-css-av-mgqf45sd-5e6f81151b03c227fe5e6b4835d26ba1\">\n.iconbox.av-mgqf45sd-5e6f81151b03c227fe5e6b4835d26ba1 .iconbox_icon{\ncolor:#926d39;\n}\n.iconbox.av-mgqf45sd-5e6f81151b03c227fe5e6b4835d26ba1 .iconbox_icon.avia-svg-icon svg:first-child{\nfill:#926d39;\nstroke:#926d39;\n}\n<\/style>\n<article  class='iconbox iconbox_left av-mgqf45sd-5e6f81151b03c227fe5e6b4835d26ba1  avia-builder-el-12  avia-builder-el-no-sibling '  itemscope=\"itemscope\" itemtype=\"https:\/\/schema.org\/CreativeWork\" ><div class=\"iconbox_content\"><header class=\"entry-content-header\" aria-label=\"Icon: Tel\u00e9fono\"><a href='tel:934580457' title='Tel\u00e9fono' aria-label='Tel\u00e9fono'  target=\"_blank\"  rel=\"noopener noreferrer\" class='iconbox_icon heading-color avia-iconfont avia-font-entypo-fontello' data-av_icon='\ue8ac' data-av_iconfont='entypo-fontello' title=\"Tel\u00e9fono\" desc=\"Tel\u00e9fono\" ><\/a><h3 class='iconbox_content_title '  itemprop=\"headline\" ><a href='tel:934580457' title='Tel\u00e9fono'  target=\"_blank\"  rel=\"noopener noreferrer\">Tel\u00e9fono<\/a><\/h3><\/header><div class='iconbox_content_container '  itemprop=\"text\" ><p>93 458 04 57<\/p>\n<\/div><\/div><footer class=\"entry-footer\"><\/footer><\/article><\/div><div class='av-flex-placeholder'><\/div>\n<style type=\"text\/css\" data-created_by=\"avia_inline_auto\" id=\"style-css-av-1gi83-eeeb7d17accbeecf580662008b024ec4\">\n.flex_column.av-1gi83-eeeb7d17accbeecf580662008b024ec4{\nwidth:23.5%;\nmargin-left:0;\n}\n#top .flex_column_table.av-equal-height-column-flextable.av-1gi83-eeeb7d17accbeecf580662008b024ec4 .av-flex-placeholder{\nwidth:2%;\n}\n<\/style>\n<div  class='flex_column av-1gi83-eeeb7d17accbeecf580662008b024ec4 av_one_fourth  avia-builder-el-13  el_after_av_one_fourth  el_before_av_one_fourth  flex_column_table_cell av-equal-height-column av-align-top  column-top-margin'     ><style type=\"text\/css\" data-created_by=\"avia_inline_auto\" id=\"style-css-av-mgqf5kkw-97e10334a0b966848f57bc6f00e207ae\">\n.iconbox.av-mgqf5kkw-97e10334a0b966848f57bc6f00e207ae .iconbox_icon{\ncolor:#926d39;\n}\n.iconbox.av-mgqf5kkw-97e10334a0b966848f57bc6f00e207ae .iconbox_icon.avia-svg-icon svg:first-child{\nfill:#926d39;\nstroke:#926d39;\n}\n<\/style>\n<article  class='iconbox iconbox_left av-mgqf5kkw-97e10334a0b966848f57bc6f00e207ae  avia-builder-el-14  avia-builder-el-no-sibling '  itemscope=\"itemscope\" itemtype=\"https:\/\/schema.org\/CreativeWork\" ><div class=\"iconbox_content\"><header class=\"entry-content-header\" aria-label=\"Icon: E-mail\"><a href='mailto:info@somvending.com' title='E-mail' aria-label='E-mail'  target=\"_blank\"  rel=\"noopener noreferrer\" class='iconbox_icon heading-color avia-svg-icon avia-font-svg_entypo-fontello' data-av_svg_icon='monitor' data-av_iconset='svg_entypo-fontello' ><svg version=\"1.1\" xmlns=\"http:\/\/www.w3.org\/2000\/svg\" width=\"32\" height=\"32\" viewBox=\"0 0 32 32\" preserveAspectRatio=\"xMidYMid meet\" aria-labelledby='av-svg-title-1' aria-describedby='av-svg-desc-1' role=\"graphics-symbol\">\n<title id='av-svg-title-1'>E-mail<\/title>\n<desc id='av-svg-desc-1'>E-mail<\/desc>\n<path d=\"M28.8 1.92q1.344 0 2.272 0.96t0.928 2.24v17.6q0 1.344-0.928 2.464t-2.208 1.376l-6.976 1.408 2.752 1.216q1.6 0.896-0.64 0.896h-16q-3.136 0 1.024-1.664l1.152-0.448-7.040-1.408q-1.28-0.256-2.208-1.376t-0.928-2.464v-17.6q0-1.28 0.96-2.24t2.24-0.96h25.6zM28.8 22.592v-17.792h-25.6v17.792h25.6z\"><\/path>\n<\/svg><\/a><h3 class='iconbox_content_title '  itemprop=\"headline\" ><a href='mailto:info@somvending.com' title='E-mail'  target=\"_blank\"  rel=\"noopener noreferrer\">E-mail<\/a><\/h3><\/header><div class='iconbox_content_container '  itemprop=\"text\" ><p>info@somvending.com<\/p>\n<\/div><\/div><footer class=\"entry-footer\"><\/footer><\/article><\/div><div class='av-flex-placeholder'><\/div>\n<style type=\"text\/css\" data-created_by=\"avia_inline_auto\" id=\"style-css-av-orrn-5f66bb51b70e28a410c05f0be4e18e36\">\n.flex_column.av-orrn-5f66bb51b70e28a410c05f0be4e18e36{\nwidth:23.5%;\nmargin-left:0;\n}\n#top .flex_column_table.av-equal-height-column-flextable.av-orrn-5f66bb51b70e28a410c05f0be4e18e36 .av-flex-placeholder{\nwidth:2%;\n}\n<\/style>\n<div  class='flex_column av-orrn-5f66bb51b70e28a410c05f0be4e18e36 av_one_fourth  avia-builder-el-15  el_after_av_one_fourth  avia-builder-el-last  flex_column_table_cell av-equal-height-column av-align-top  column-top-margin'     ><style type=\"text\/css\" data-created_by=\"avia_inline_auto\" id=\"style-css-av-mgqf659d-ff04664a424825917a7664f1a89da06f\">\n.iconbox.av-mgqf659d-ff04664a424825917a7664f1a89da06f .iconbox_icon{\ncolor:#926d39;\n}\n.iconbox.av-mgqf659d-ff04664a424825917a7664f1a89da06f .iconbox_icon.avia-svg-icon svg:first-child{\nfill:#926d39;\nstroke:#926d39;\n}\n<\/style>\n<article  class='iconbox iconbox_left av-mgqf659d-ff04664a424825917a7664f1a89da06f  avia-builder-el-16  avia-builder-el-no-sibling '  itemscope=\"itemscope\" itemtype=\"https:\/\/schema.org\/CreativeWork\" ><div class=\"iconbox_content\"><header class=\"entry-content-header\" aria-label=\"Icon: WhatsApp\"><a href='https:\/\/web.whatsapp.com\/send?l=es&amp;phone=34694237150' title='WhatsApp' aria-label='WhatsApp'  class='iconbox_icon heading-color avia-iconfont avia-font-entypo-fontello' data-av_icon='\uf232' data-av_iconfont='entypo-fontello' title=\"WhatsApp\" desc=\"WhatsApp\" ><\/a><h3 class='iconbox_content_title '  itemprop=\"headline\" ><a href='https:\/\/web.whatsapp.com\/send?l=es&amp;phone=34694237150' title='WhatsApp' >WhatsApp<\/a><\/h3><\/header><div class='iconbox_content_container '  itemprop=\"text\" ><p>694 23 71 50<\/p>\n<\/div><\/div><footer class=\"entry-footer\"><\/footer><\/article><\/div><\/div><!--close column table wrapper. Autoclose: 1 --><\/div><\/div><\/div><!-- close content main div --><\/div><\/div><div id='after_section_2'  class='main_color av_default_container_wrap container_wrap fullsize'  ><div class='container av-section-cont-open' ><div class='template-page content  av-content-full alpha units'><div class='post-entry post-entry-type-page post-entry-280'><div class='entry-content-wrapper clearfix'><div  class='flex_column av-39it7-aa0b7e211429061d4f1eee6d8f1b8bb5 av_one_fifth  avia-builder-el-17  el_after_av_section  el_before_av_three_fifth  avia-builder-el-first  first flex_column_div  '     ><\/div><\/p>\n<div  class='flex_column av-2vpqr-78d9f7d309a5529387ceef327311042d av_three_fifth  avia-builder-el-18  el_after_av_one_fifth  el_before_av_one_fifth  flex_column_div  '     ><form action=\"https:\/\/somvending.com\/es\/contacto\/\" method=\"post\" data-fields-with-error=\"Found errors in the following field(s):\" class=\"avia_ajax_form av-form-labels-hidden   avia-builder-el-19  avia-builder-el-no-sibling   \" data-avia-form-id=\"1\" data-avia-redirect=''  aria-label='Contact Form' ><h3 class=''>Formulario<\/h3><fieldset><p class='  first_form  form_element form_element_third' id='element_avia_1_1'><label for=\"avia_1_1\">Nombre <abbr class=\"required\" title=\"requerido\">*<\/abbr><\/label> <input name=\"avia_1_1\" class=\"text_input is_empty\" type=\"text\" id=\"avia_1_1\" value=\"\"  placeholder='Nombre*'\/><\/p><p class='  form_element form_element_third' id='element_avia_2_1'><label for=\"avia_2_1\">E-Mail <abbr class=\"required\" title=\"requerido\">*<\/abbr><\/label> <input name=\"avia_2_1\" class=\"text_input is_email\" type=\"text\" id=\"avia_2_1\" value=\"\"  placeholder='E-Mail*'\/><\/p><p class='  form_element form_element_third' id='element_avia_3_1'><label for=\"avia_3_1\">Tel\u00e9fono <abbr class=\"required\" title=\"requerido\">*<\/abbr><\/label> <input name=\"avia_3_1\" class=\"text_input is_phone\" type=\"text\" id=\"avia_3_1\" value=\"\"  placeholder='Tel\u00e9fono*'\/><\/p><p class='  first_form  form_element form_fullwidth' id='element_avia_4_1'><label for=\"avia_4_1\">Asunto <abbr class=\"required\" title=\"requerido\">*<\/abbr><\/label> <input name=\"avia_4_1\" class=\"text_input is_empty\" type=\"text\" id=\"avia_4_1\" value=\"\"  placeholder='Asunto*'\/><\/p><p class='  first_form  form_element form_fullwidth' id='element_avia_5_1'><label for=\"avia_5_1\" class=\"textare_label hidden textare_label_avia_5_1\">Mensaje <abbr class=\"required\" title=\"requerido\">*<\/abbr><\/label><textarea  placeholder='Mensaje*' name=\"avia_5_1\" class=\"text_area is_empty\" cols=\"40\" rows=\"7\" id=\"avia_5_1\" ><\/textarea><\/p><p class=\"hidden\"><input type=\"text\" name=\"avia_6_1\" class=\"hidden \" id=\"avia_6_1\" value=\"\" \/><\/p><p class=' av_form_privacy_check av_contact_privacy_check first_form  form_element form_fullwidth' id='element_avia_7_1'><input  name=\"avia_7_1\" class=\"input_checkbox is_empty\" type=\"checkbox\" id=\"avia_7_1\" value=\"true\"\/><label class=\"input_checkbox_label\" for=\"avia_7_1\">Acepto los t\u00e9rminos y condiciones establecidos en la  <a href='https:\/\/somvending.com\/es\/?page_id=3' target='_blank'>Pol\u00edtica de privacidad<\/a> <abbr class=\"required\" title=\"requerido\">*<\/abbr><\/label><\/p><p class=\"form_element \"><input type=\"hidden\" value=\"1\" name=\"avia_generated_form1\" \/><input type=\"submit\" value=\"Enviar\" class=\"button\"  data-sending-label=\"Enviando\"\/><\/p><\/fieldset><\/form><div id=\"ajaxresponse_1\" class=\"ajaxresponse ajaxresponse_1 hidden\"><\/div><\/div><div  class='flex_column av-z6uf-1e37af756137c854cf947ee0bd06662e av_one_fifth  avia-builder-el-20  el_after_av_three_fifth  avia-builder-el-last  flex_column_div  '     ><\/div><\/p>\n","protected":false},"excerpt":{"rendered":"","protected":false},"author":1,"featured_media":0,"parent":0,"menu_order":0,"comment_status":"closed","ping_status":"closed","template":"","meta":{"footnotes":""},"class_list":["post-280","page","type-page","status-publish","hentry"],"yoast_head":"<!-- This site is optimized with the Yoast SEO plugin v26.8 - https:\/\/yoast.com\/product\/yoast-seo-wordpress\/ -->\n<title>Contacto vending en Catalu\u00f1a<\/title>\n<meta name=\"description\" content=\"\u00bfQuieres instalar m\u00e1quinas de caf\u00e9 o snacks en tu empresa? Cont\u00e1ctanos ahora. Estudio de viabilidad y presupuesto gratuito y r\u00e1pido.\" \/>\n<meta name=\"robots\" content=\"index, follow, max-snippet:-1, max-image-preview:large, max-video-preview:-1\" \/>\n<link rel=\"canonical\" href=\"https:\/\/somvending.com\/es\/contacto\/\" \/>\n<meta property=\"og:locale\" content=\"es_ES\" \/>\n<meta property=\"og:type\" content=\"article\" \/>\n<meta property=\"og:title\" content=\"Contacto vending en Catalu\u00f1a\" \/>\n<meta property=\"og:description\" content=\"\u00bfQuieres instalar m\u00e1quinas de caf\u00e9 o snacks en tu empresa? Cont\u00e1ctanos ahora. Estudio de viabilidad y presupuesto gratuito y r\u00e1pido.\" \/>\n<meta property=\"og:url\" content=\"https:\/\/somvending.com\/es\/contacto\/\" \/>\n<meta property=\"og:site_name\" content=\"somvending\" \/>\n<meta property=\"article:modified_time\" content=\"2025-10-23T09:06:28+00:00\" \/>\n<meta name=\"twitter:card\" content=\"summary_large_image\" \/>\n<meta name=\"twitter:label1\" content=\"Tiempo de lectura\" \/>\n\t<meta name=\"twitter:data1\" content=\"1 minuto\" \/>\n<script type=\"application\/ld+json\" class=\"yoast-schema-graph\">{\"@context\":\"https:\/\/schema.org\",\"@graph\":[{\"@type\":\"WebPage\",\"@id\":\"https:\/\/somvending.com\/es\/contacto\/\",\"url\":\"https:\/\/somvending.com\/es\/contacto\/\",\"name\":\"Contacto vending en Catalu\u00f1a\",\"isPartOf\":{\"@id\":\"https:\/\/somvending.com\/#website\"},\"datePublished\":\"2025-10-13T07:03:00+00:00\",\"dateModified\":\"2025-10-23T09:06:28+00:00\",\"description\":\"\u00bfQuieres instalar m\u00e1quinas de caf\u00e9 o snacks en tu empresa? Cont\u00e1ctanos ahora. Estudio de viabilidad y presupuesto gratuito y r\u00e1pido.\",\"breadcrumb\":{\"@id\":\"https:\/\/somvending.com\/es\/contacto\/#breadcrumb\"},\"inLanguage\":\"es\",\"potentialAction\":[{\"@type\":\"ReadAction\",\"target\":[\"https:\/\/somvending.com\/es\/contacto\/\"]}]},{\"@type\":\"BreadcrumbList\",\"@id\":\"https:\/\/somvending.com\/es\/contacto\/#breadcrumb\",\"itemListElement\":[{\"@type\":\"ListItem\",\"position\":1,\"name\":\"Portada\",\"item\":\"https:\/\/somvending.com\/es\/inicio\/\"},{\"@type\":\"ListItem\",\"position\":2,\"name\":\"Contacto\"}]},{\"@type\":\"WebSite\",\"@id\":\"https:\/\/somvending.com\/#website\",\"url\":\"https:\/\/somvending.com\/\",\"name\":\"somvending\",\"description\":\"\",\"potentialAction\":[{\"@type\":\"SearchAction\",\"target\":{\"@type\":\"EntryPoint\",\"urlTemplate\":\"https:\/\/somvending.com\/?s={search_term_string}\"},\"query-input\":{\"@type\":\"PropertyValueSpecification\",\"valueRequired\":true,\"valueName\":\"search_term_string\"}}],\"inLanguage\":\"es\"}]}<\/script>\n<!-- \/ Yoast SEO plugin. -->","yoast_head_json":{"title":"Contacto vending en Catalu\u00f1a","description":"\u00bfQuieres instalar m\u00e1quinas de caf\u00e9 o snacks en tu empresa? Cont\u00e1ctanos ahora. Estudio de viabilidad y presupuesto gratuito y r\u00e1pido.","robots":{"index":"index","follow":"follow","max-snippet":"max-snippet:-1","max-image-preview":"max-image-preview:large","max-video-preview":"max-video-preview:-1"},"canonical":"https:\/\/somvending.com\/es\/contacto\/","og_locale":"es_ES","og_type":"article","og_title":"Contacto vending en Catalu\u00f1a","og_description":"\u00bfQuieres instalar m\u00e1quinas de caf\u00e9 o snacks en tu empresa? Cont\u00e1ctanos ahora. Estudio de viabilidad y presupuesto gratuito y r\u00e1pido.","og_url":"https:\/\/somvending.com\/es\/contacto\/","og_site_name":"somvending","article_modified_time":"2025-10-23T09:06:28+00:00","twitter_card":"summary_large_image","twitter_misc":{"Tiempo de lectura":"1 minuto"},"schema":{"@context":"https:\/\/schema.org","@graph":[{"@type":"WebPage","@id":"https:\/\/somvending.com\/es\/contacto\/","url":"https:\/\/somvending.com\/es\/contacto\/","name":"Contacto vending en Catalu\u00f1a","isPartOf":{"@id":"https:\/\/somvending.com\/#website"},"datePublished":"2025-10-13T07:03:00+00:00","dateModified":"2025-10-23T09:06:28+00:00","description":"\u00bfQuieres instalar m\u00e1quinas de caf\u00e9 o snacks en tu empresa? Cont\u00e1ctanos ahora. Estudio de viabilidad y presupuesto gratuito y r\u00e1pido.","breadcrumb":{"@id":"https:\/\/somvending.com\/es\/contacto\/#breadcrumb"},"inLanguage":"es","potentialAction":[{"@type":"ReadAction","target":["https:\/\/somvending.com\/es\/contacto\/"]}]},{"@type":"BreadcrumbList","@id":"https:\/\/somvending.com\/es\/contacto\/#breadcrumb","itemListElement":[{"@type":"ListItem","position":1,"name":"Portada","item":"https:\/\/somvending.com\/es\/inicio\/"},{"@type":"ListItem","position":2,"name":"Contacto"}]},{"@type":"WebSite","@id":"https:\/\/somvending.com\/#website","url":"https:\/\/somvending.com\/","name":"somvending","description":"","potentialAction":[{"@type":"SearchAction","target":{"@type":"EntryPoint","urlTemplate":"https:\/\/somvending.com\/?s={search_term_string}"},"query-input":{"@type":"PropertyValueSpecification","valueRequired":true,"valueName":"search_term_string"}}],"inLanguage":"es"}]}},"_links":{"self":[{"href":"https:\/\/somvending.com\/es\/wp-json\/wp\/v2\/pages\/280","targetHints":{"allow":["GET"]}}],"collection":[{"href":"https:\/\/somvending.com\/es\/wp-json\/wp\/v2\/pages"}],"about":[{"href":"https:\/\/somvending.com\/es\/wp-json\/wp\/v2\/types\/page"}],"author":[{"embeddable":true,"href":"https:\/\/somvending.com\/es\/wp-json\/wp\/v2\/users\/1"}],"replies":[{"embeddable":true,"href":"https:\/\/somvending.com\/es\/wp-json\/wp\/v2\/comments?post=280"}],"version-history":[{"count":2,"href":"https:\/\/somvending.com\/es\/wp-json\/wp\/v2\/pages\/280\/revisions"}],"predecessor-version":[{"id":318,"href":"https:\/\/somvending.com\/es\/wp-json\/wp\/v2\/pages\/280\/revisions\/318"}],"wp:attachment":[{"href":"https:\/\/somvending.com\/es\/wp-json\/wp\/v2\/media?parent=280"}],"curies":[{"name":"wp","href":"https:\/\/api.w.org\/{rel}","templated":true}]}}