{"id":279,"date":"2025-10-13T07:03:34","date_gmt":"2025-10-13T07:03:34","guid":{"rendered":"https:\/\/somvending.com\/politica-de-privadesa\/"},"modified":"2025-10-23T09:17:18","modified_gmt":"2025-10-23T09:17:18","slug":"politica-de-privacidad","status":"publish","type":"page","link":"https:\/\/somvending.com\/es\/politica-de-privacidad\/","title":{"rendered":"Pol\u00edtica de privacidad"},"content":{"rendered":"<h2 style=\"text-align: center;\" data-start=\"195\" data-end=\"224\"><strong data-start=\"198\" data-end=\"224\">Pol\u00edtica de Privacidad<\/strong><\/h2>\n<p data-start=\"226\" data-end=\"270\"><strong data-start=\"226\" data-end=\"270\">Protecci\u00f3n de datos de car\u00e1cter personal<\/strong><\/p>\n<p data-start=\"272\" data-end=\"482\">A trav\u00e9s de esta pol\u00edtica de privacidad, <strong data-start=\"313\" data-end=\"328\">SOM VENDING<\/strong> desea informar a todas las personas que naveguen y accedan al sitio web <strong data-start=\"401\" data-end=\"420\">somvending.info<\/strong> sobre los tratamientos de datos personales que se realizan.<\/p>\n<p data-start=\"484\" data-end=\"674\">El acceso al sitio web <strong data-start=\"507\" data-end=\"538\">no requiere registro previo<\/strong>. En cualquier caso, <strong data-start=\"559\" data-end=\"611\">el Usuario con su navegaci\u00f3n acepta \u00edntegramente<\/strong> la presente pol\u00edtica de privacidad y la pol\u00edtica de cookies.<\/p>\n<p data-start=\"676\" data-end=\"962\">Antes del env\u00edo de cualquier solicitud de informaci\u00f3n mediante el formulario de contacto de esta p\u00e1gina web, el usuario deber\u00e1 <strong data-start=\"803\" data-end=\"840\">aceptar la pol\u00edtica de privacidad<\/strong>, para prestar el <strong data-start=\"858\" data-end=\"896\">consentimiento expreso e informado<\/strong> para el tratamiento de los datos con las finalidades indicadas.<\/p>\n<p data-start=\"964\" data-end=\"1412\">De acuerdo con el <strong data-start=\"982\" data-end=\"1034\">Reglamento (UE) 2016\/679, de 27 de abril de 2016<\/strong>, relativo a la protecci\u00f3n de las personas f\u00edsicas en lo que respecta al tratamiento de datos personales y a la libre circulaci\u00f3n de estos datos, y subsidiariamente por lo no regulado, el <strong data-start=\"1222\" data-end=\"1268\">Real Decreto 1720\/2007, de 21 de diciembre<\/strong>, por el que se aprueba el Reglamento de desarrollo de la Ley Org\u00e1nica 15\/1999, de 13 de diciembre, de Protecci\u00f3n de Datos de Car\u00e1cter Personal.<\/p>\n<h3 data-start=\"1419\" data-end=\"1451\"><\/h3>\n<h3 data-start=\"1419\" data-end=\"1451\"><strong data-start=\"1423\" data-end=\"1451\">Responsable del fichero:<\/strong><\/h3>\n<p data-start=\"1453\" data-end=\"1827\"><strong data-start=\"1453\" data-end=\"1477\">Denominaci\u00f3n social:<\/strong> SOM VENDING GESTI\u00d3N SLU<br data-start=\"1501\" data-end=\"1504\" \/><strong data-start=\"1504\" data-end=\"1525\">Nombre comercial:<\/strong> SOM VENDING<br data-start=\"1537\" data-end=\"1540\" \/><strong data-start=\"1540\" data-end=\"1548\">CIF:<\/strong> B62478318<br data-start=\"1558\" data-end=\"1561\" \/><strong data-start=\"1561\" data-end=\"1575\">Domicilio:<\/strong> c\/ V\u00edctor Balaguer, 10, 08191 Rub\u00ed (Barcelona)<br data-start=\"1622\" data-end=\"1625\" \/><strong data-start=\"1625\" data-end=\"1636\">E-mail:<\/strong> <a class=\"decorated-link cursor-pointer\" rel=\"noopener\" data-start=\"1637\" data-end=\"1656\">info@somvending.com<\/a><br data-start=\"1656\" data-end=\"1659\" \/><strong data-start=\"1659\" data-end=\"1681\">Datos registrales:<\/strong> Esta sociedad est\u00e1 inscrita en el Registro Mercantil de SOM VENDING GESTI\u00d3N SLU., Tomo \/ IRUS: 1000347357371, hoja B-228435, secci\u00f3n 1, folio 0<\/p>\n<p data-start=\"1829\" data-end=\"1865\">A partir de ahora, <strong data-start=\"1848\" data-end=\"1864\">\u201cLa Empresa\u201d<\/strong>.<\/p>\n<h3 data-start=\"1872\" data-end=\"1917\"><\/h3>\n<h3 data-start=\"1872\" data-end=\"1917\"><strong data-start=\"1876\" data-end=\"1917\">Finalidad y conservaci\u00f3n de los datos<\/strong><\/h3>\n<p data-start=\"1919\" data-end=\"2008\"><strong data-start=\"1919\" data-end=\"1933\">La Empresa<\/strong> tratar\u00e1 los datos de los Usuarios conforme a las siguientes finalidades:<\/p>\n<ol data-start=\"2010\" data-end=\"2888\">\n<li data-start=\"2010\" data-end=\"2415\">\n<p data-start=\"2013\" data-end=\"2104\"><strong data-start=\"2013\" data-end=\"2056\">Gestionar el uso de las funcionalidades<\/strong> puestas a disposici\u00f3n a trav\u00e9s del Sitio Web.<\/p>\n<ul data-start=\"2108\" data-end=\"2415\">\n<li data-start=\"2108\" data-end=\"2255\">\n<p data-start=\"2110\" data-end=\"2255\">Los datos tratados para esta finalidad se conservar\u00e1n mientras se mantenga la relaci\u00f3n contractual y\/o mercantil entre el Usuario y La Empresa.<\/p>\n<\/li>\n<li data-start=\"2259\" data-end=\"2415\">\n<p data-start=\"2261\" data-end=\"2415\">En caso de que las solicitudes efectuadas por un usuario no mantengan una relaci\u00f3n contractual, los datos se conservar\u00e1n hasta resolver dicha solicitud.<\/p>\n<\/li>\n<\/ul>\n<\/li>\n<li data-start=\"2417\" data-end=\"2647\">\n<p data-start=\"2420\" data-end=\"2506\"><strong data-start=\"2420\" data-end=\"2504\">Dar respuesta a las solicitudes de empleo y gestionar los procesos de selecci\u00f3n.<\/strong><\/p>\n<ul data-start=\"2510\" data-end=\"2647\">\n<li data-start=\"2510\" data-end=\"2647\">\n<p data-start=\"2512\" data-end=\"2647\">Los datos tratados para este fin se conservar\u00e1n como m\u00e1ximo durante 1 a\u00f1o desde su recepci\u00f3n o finalizaci\u00f3n del proceso de selecci\u00f3n.<\/p>\n<\/li>\n<\/ul>\n<\/li>\n<li data-start=\"2649\" data-end=\"2888\">\n<p data-start=\"2652\" data-end=\"2771\"><strong data-start=\"2652\" data-end=\"2690\">Mantener informados a los usuarios<\/strong> mediante comunicaciones comerciales sobre servicios y novedades de La Empresa.<\/p>\n<ul data-start=\"2775\" data-end=\"2888\">\n<li data-start=\"2775\" data-end=\"2888\">\n<p data-start=\"2777\" data-end=\"2888\">El Usuario solo recibir\u00e1 estas comunicaciones comerciales si las acepta, marcando la casilla correspondiente.<\/p>\n<\/li>\n<\/ul>\n<\/li>\n<\/ol>\n<p data-start=\"2890\" data-end=\"3019\">Estos datos <strong data-start=\"2902\" data-end=\"3019\">solo ser\u00e1n tratados hasta el momento en que el Usuario retire su consentimiento o ejerza el derecho de oposici\u00f3n.<\/strong><\/p>\n<h3 data-start=\"3026\" data-end=\"3047\"><\/h3>\n<h3 data-start=\"3026\" data-end=\"3047\"><strong data-start=\"3030\" data-end=\"3047\">Destinatarios<\/strong><\/h3>\n<p data-start=\"3049\" data-end=\"3134\">Los datos de los usuarios <strong data-start=\"3075\" data-end=\"3103\">no se ceder\u00e1n a terceros<\/strong>, excepto por obligaci\u00f3n legal.<\/p>\n<h3 data-start=\"3141\" data-end=\"3157\"><\/h3>\n<h3 data-start=\"3141\" data-end=\"3157\"><strong data-start=\"3145\" data-end=\"3157\">Derechos<\/strong><\/h3>\n<p data-start=\"3159\" data-end=\"3703\">En cualquier momento, el Usuario podr\u00e1 <strong data-start=\"3198\" data-end=\"3293\">ejercer gratuitamente sus derechos de acceso, rectificaci\u00f3n, oposici\u00f3n y supresi\u00f3n de datos<\/strong>, as\u00ed como el resto de derechos regulados en el <strong data-start=\"3341\" data-end=\"3369\">Reglamento (UE) 679\/2016<\/strong>, es decir, el derecho a la portabilidad y la limitaci\u00f3n del tratamiento, mediante escrito acompa\u00f1ado de copia del DNI o documento v\u00e1lido que le identifique a <strong data-start=\"3528\" data-end=\"3542\">La Empresa<\/strong> en el domicilio <strong data-start=\"3559\" data-end=\"3623\">Ronda Llevant, 4, 08310 Barcelona (Ref. Protecci\u00f3n de Datos)<\/strong>, o en la direcci\u00f3n de correo electr\u00f3nico <strong data-start=\"3665\" data-end=\"3700\"><a class=\"decorated-link cursor-pointer\" rel=\"noopener\" data-start=\"3667\" data-end=\"3698\">administracion@dogarequipos.com<\/a><\/strong>.<\/p>\n<p data-start=\"3705\" data-end=\"3851\">La Empresa informa que el Usuario tiene derecho a presentar una reclamaci\u00f3n ante la autoridad de control correspondiente si lo considera oportuno.<\/p>\n<h3 data-start=\"3858\" data-end=\"3953\"><strong data-start=\"3862\" data-end=\"3953\">\u00bfEs obligatorio proporcionar toda la informaci\u00f3n solicitada en el apartado de contacto?<\/strong><\/h3>\n<p data-start=\"3955\" data-end=\"4356\">En cuanto a los formularios del Sitio Web, el Usuario <strong data-start=\"4009\" data-end=\"4068\">debe cumplimentar los campos marcados como \u201crequeridos\u201d<\/strong>.<br data-start=\"4069\" data-end=\"4072\" \/>No facilitar los datos personales requeridos o hacerlo parcialmente puede suponer que La Empresa <strong data-start=\"4169\" data-end=\"4205\">no pueda atender las solicitudes<\/strong>, y en consecuencia, La Empresa quedar\u00e1 <strong data-start=\"4245\" data-end=\"4279\">exenta de toda responsabilidad<\/strong> por la no prestaci\u00f3n o prestaci\u00f3n incompleta de los servicios solicitados.<\/p>\n<p data-start=\"4358\" data-end=\"4587\">Los datos personales que el Usuario facilita a La Empresa <strong data-start=\"4416\" data-end=\"4438\">deben ser actuales<\/strong> para que la informaci\u00f3n de los registros est\u00e9 actualizada y sin errores.<br data-start=\"4511\" data-end=\"4514\" \/>El Usuario ser\u00e1 responsable de la <strong data-start=\"4548\" data-end=\"4586\">veracidad de los datos facilitados<\/strong>.<\/p>\n<h3 data-start=\"4594\" data-end=\"4617\"><\/h3>\n<h3 data-start=\"4594\" data-end=\"4617\"><strong data-start=\"4598\" data-end=\"4617\">Menores de edad<\/strong><\/h3>\n<p data-start=\"4619\" data-end=\"4754\">Los menores de 14 a\u00f1os <strong data-start=\"4642\" data-end=\"4682\">no pueden ceder sus datos personales<\/strong> a La Empresa sin el consentimiento de sus padres y\/o tutores legales.<\/p>\n<p data-start=\"4756\" data-end=\"5073\">En caso de que La Empresa detecte que el Usuario es menor de 14 a\u00f1os, se reserva el derecho a <strong data-start=\"4850\" data-end=\"4916\">solicitar copia de su DNI o documento de identidad equivalente<\/strong>, o, si procede, la autorizaci\u00f3n de sus padres y\/o tutores legales, dando de baja al usuario en caso de <strong data-start=\"5020\" data-end=\"5073\">no acreditar este requisito o falta de respuesta.<\/strong><\/p>\n<h3 data-start=\"5080\" data-end=\"5108\"><\/h3>\n<h3 data-start=\"5080\" data-end=\"5108\"><strong data-start=\"5084\" data-end=\"5108\">Medidas de seguridad<\/strong><\/h3>\n<p data-start=\"5110\" data-end=\"5318\">La Empresa informa que el tratamiento de datos personales se realiza <strong data-start=\"5179\" data-end=\"5236\">en todo momento de acuerdo con la normativa aplicable<\/strong> en materia de protecci\u00f3n de datos y servicios de la sociedad de la informaci\u00f3n.<\/p>\n<p data-start=\"5320\" data-end=\"5750\">La Empresa tiene implantadas <strong data-start=\"5349\" data-end=\"5398\">medidas de seguridad t\u00e9cnicas y organizativas<\/strong> necesarias que garantizan la seguridad de los datos personales de los Usuarios y evitan su alteraci\u00f3n, p\u00e9rdida, tratamiento y\/o acceso no autorizado, seg\u00fan el estado de la tecnolog\u00eda, la naturaleza de los datos almacenados y los riesgos a los que est\u00e1n expuestos, ya sea por acci\u00f3n humana o por causa f\u00edsica o natural, conforme a la normativa vigente.<\/p>\n<h3 data-start=\"5757\" data-end=\"5779\"><\/h3>\n<h3 data-start=\"5757\" data-end=\"5779\"><strong data-start=\"5761\" data-end=\"5779\">Redes sociales<\/strong><\/h3>\n<p data-start=\"5781\" data-end=\"6024\">La Empresa dispone de <strong data-start=\"5803\" data-end=\"5833\">perfiles en redes sociales<\/strong> con el fin de <strong data-start=\"5848\" data-end=\"5939\">publicar y difundir informaci\u00f3n sobre los servicios prestados a trav\u00e9s de la p\u00e1gina web<\/strong>, interactuar con los usuarios y ofrecer un canal de atenci\u00f3n e interacci\u00f3n social.<\/p>\n<p data-start=\"6026\" data-end=\"6138\">Las redes sociales en las que La Empresa tiene un perfil abierto con el nombre comercial <strong data-start=\"6115\" data-end=\"6131\">\u201cLa Empresa\u201d<\/strong> son:<\/p>\n<ul data-start=\"6140\" data-end=\"6156\">\n<li data-start=\"6140\" data-end=\"6156\">\n<p data-start=\"6142\" data-end=\"6156\"><strong data-start=\"6142\" data-end=\"6154\">Whatsapp<\/strong><\/p>\n<\/li>\n<\/ul>\n","protected":false},"excerpt":{"rendered":"<p>Pol\u00edtica de Privacidad Protecci\u00f3n de datos de car\u00e1cter personal A trav\u00e9s de esta pol\u00edtica de privacidad, SOM VENDING desea informar a todas las personas que naveguen y accedan al sitio web somvending.info sobre los tratamientos de datos personales que se realizan. El acceso al sitio web no requiere registro previo. En cualquier caso, el Usuario [&hellip;]<\/p>\n","protected":false},"author":1,"featured_media":0,"parent":0,"menu_order":0,"comment_status":"closed","ping_status":"closed","template":"","meta":{"footnotes":""},"class_list":["post-279","page","type-page","status-publish","hentry"],"yoast_head":"<!-- This site is optimized with the Yoast SEO plugin v26.8 - https:\/\/yoast.com\/product\/yoast-seo-wordpress\/ -->\n<title>Pol\u00edtica de privacidad - somvending<\/title>\n<meta name=\"robots\" content=\"index, follow, max-snippet:-1, max-image-preview:large, max-video-preview:-1\" \/>\n<link rel=\"canonical\" href=\"https:\/\/somvending.com\/es\/politica-de-privacidad\/\" \/>\n<meta property=\"og:locale\" content=\"es_ES\" \/>\n<meta property=\"og:type\" content=\"article\" \/>\n<meta property=\"og:title\" content=\"Pol\u00edtica de privacidad - somvending\" \/>\n<meta property=\"og:description\" content=\"Pol\u00edtica de Privacidad Protecci\u00f3n de datos de car\u00e1cter personal A trav\u00e9s de esta pol\u00edtica de privacidad, SOM VENDING desea informar a todas las personas que naveguen y accedan al sitio web somvending.info sobre los tratamientos de datos personales que se realizan. El acceso al sitio web no requiere registro previo. En cualquier caso, el Usuario [&hellip;]\" \/>\n<meta property=\"og:url\" content=\"https:\/\/somvending.com\/es\/politica-de-privacidad\/\" \/>\n<meta property=\"og:site_name\" content=\"somvending\" \/>\n<meta property=\"article:modified_time\" content=\"2025-10-23T09:17:18+00:00\" \/>\n<meta name=\"twitter:card\" content=\"summary_large_image\" \/>\n<meta name=\"twitter:label1\" content=\"Tiempo de lectura\" \/>\n\t<meta name=\"twitter:data1\" content=\"5 minutos\" \/>\n<script type=\"application\/ld+json\" class=\"yoast-schema-graph\">{\"@context\":\"https:\/\/schema.org\",\"@graph\":[{\"@type\":\"WebPage\",\"@id\":\"https:\/\/somvending.com\/es\/politica-de-privacidad\/\",\"url\":\"https:\/\/somvending.com\/es\/politica-de-privacidad\/\",\"name\":\"Pol\u00edtica de privacidad - somvending\",\"isPartOf\":{\"@id\":\"https:\/\/somvending.com\/#website\"},\"datePublished\":\"2025-10-13T07:03:34+00:00\",\"dateModified\":\"2025-10-23T09:17:18+00:00\",\"breadcrumb\":{\"@id\":\"https:\/\/somvending.com\/es\/politica-de-privacidad\/#breadcrumb\"},\"inLanguage\":\"es\",\"potentialAction\":[{\"@type\":\"ReadAction\",\"target\":[\"https:\/\/somvending.com\/es\/politica-de-privacidad\/\"]}]},{\"@type\":\"BreadcrumbList\",\"@id\":\"https:\/\/somvending.com\/es\/politica-de-privacidad\/#breadcrumb\",\"itemListElement\":[{\"@type\":\"ListItem\",\"position\":1,\"name\":\"Portada\",\"item\":\"https:\/\/somvending.com\/es\/inicio\/\"},{\"@type\":\"ListItem\",\"position\":2,\"name\":\"Pol\u00edtica de privacidad\"}]},{\"@type\":\"WebSite\",\"@id\":\"https:\/\/somvending.com\/#website\",\"url\":\"https:\/\/somvending.com\/\",\"name\":\"somvending\",\"description\":\"\",\"potentialAction\":[{\"@type\":\"SearchAction\",\"target\":{\"@type\":\"EntryPoint\",\"urlTemplate\":\"https:\/\/somvending.com\/?s={search_term_string}\"},\"query-input\":{\"@type\":\"PropertyValueSpecification\",\"valueRequired\":true,\"valueName\":\"search_term_string\"}}],\"inLanguage\":\"es\"}]}<\/script>\n<!-- \/ Yoast SEO plugin. -->","yoast_head_json":{"title":"Pol\u00edtica de privacidad - somvending","robots":{"index":"index","follow":"follow","max-snippet":"max-snippet:-1","max-image-preview":"max-image-preview:large","max-video-preview":"max-video-preview:-1"},"canonical":"https:\/\/somvending.com\/es\/politica-de-privacidad\/","og_locale":"es_ES","og_type":"article","og_title":"Pol\u00edtica de privacidad - somvending","og_description":"Pol\u00edtica de Privacidad Protecci\u00f3n de datos de car\u00e1cter personal A trav\u00e9s de esta pol\u00edtica de privacidad, SOM VENDING desea informar a todas las personas que naveguen y accedan al sitio web somvending.info sobre los tratamientos de datos personales que se realizan. El acceso al sitio web no requiere registro previo. En cualquier caso, el Usuario [&hellip;]","og_url":"https:\/\/somvending.com\/es\/politica-de-privacidad\/","og_site_name":"somvending","article_modified_time":"2025-10-23T09:17:18+00:00","twitter_card":"summary_large_image","twitter_misc":{"Tiempo de lectura":"5 minutos"},"schema":{"@context":"https:\/\/schema.org","@graph":[{"@type":"WebPage","@id":"https:\/\/somvending.com\/es\/politica-de-privacidad\/","url":"https:\/\/somvending.com\/es\/politica-de-privacidad\/","name":"Pol\u00edtica de privacidad - somvending","isPartOf":{"@id":"https:\/\/somvending.com\/#website"},"datePublished":"2025-10-13T07:03:34+00:00","dateModified":"2025-10-23T09:17:18+00:00","breadcrumb":{"@id":"https:\/\/somvending.com\/es\/politica-de-privacidad\/#breadcrumb"},"inLanguage":"es","potentialAction":[{"@type":"ReadAction","target":["https:\/\/somvending.com\/es\/politica-de-privacidad\/"]}]},{"@type":"BreadcrumbList","@id":"https:\/\/somvending.com\/es\/politica-de-privacidad\/#breadcrumb","itemListElement":[{"@type":"ListItem","position":1,"name":"Portada","item":"https:\/\/somvending.com\/es\/inicio\/"},{"@type":"ListItem","position":2,"name":"Pol\u00edtica de privacidad"}]},{"@type":"WebSite","@id":"https:\/\/somvending.com\/#website","url":"https:\/\/somvending.com\/","name":"somvending","description":"","potentialAction":[{"@type":"SearchAction","target":{"@type":"EntryPoint","urlTemplate":"https:\/\/somvending.com\/?s={search_term_string}"},"query-input":{"@type":"PropertyValueSpecification","valueRequired":true,"valueName":"search_term_string"}}],"inLanguage":"es"}]}},"_links":{"self":[{"href":"https:\/\/somvending.com\/es\/wp-json\/wp\/v2\/pages\/279","targetHints":{"allow":["GET"]}}],"collection":[{"href":"https:\/\/somvending.com\/es\/wp-json\/wp\/v2\/pages"}],"about":[{"href":"https:\/\/somvending.com\/es\/wp-json\/wp\/v2\/types\/page"}],"author":[{"embeddable":true,"href":"https:\/\/somvending.com\/es\/wp-json\/wp\/v2\/users\/1"}],"replies":[{"embeddable":true,"href":"https:\/\/somvending.com\/es\/wp-json\/wp\/v2\/comments?post=279"}],"version-history":[{"count":3,"href":"https:\/\/somvending.com\/es\/wp-json\/wp\/v2\/pages\/279\/revisions"}],"predecessor-version":[{"id":325,"href":"https:\/\/somvending.com\/es\/wp-json\/wp\/v2\/pages\/279\/revisions\/325"}],"wp:attachment":[{"href":"https:\/\/somvending.com\/es\/wp-json\/wp\/v2\/media?parent=279"}],"curies":[{"name":"wp","href":"https:\/\/api.w.org\/{rel}","templated":true}]}}