{"id":278,"date":"2025-10-13T07:03:52","date_gmt":"2025-10-13T07:03:52","guid":{"rendered":"https:\/\/somvending.com\/politica-de-cookies\/"},"modified":"2025-10-23T09:18:40","modified_gmt":"2025-10-23T09:18:40","slug":"politica-de-cookies","status":"publish","type":"page","link":"https:\/\/somvending.com\/es\/politica-de-cookies\/","title":{"rendered":"Pol\u00edtica de cookies"},"content":{"rendered":"<h2 style=\"text-align: center;\" data-start=\"192\" data-end=\"218\"><strong data-start=\"195\" data-end=\"218\">Pol\u00edtica de Cookies<\/strong><\/h2>\n<h3 data-start=\"220\" data-end=\"264\"><strong data-start=\"224\" data-end=\"264\">IDENTIFICACI\u00d3N Y POL\u00cdTICA DE COOKIES<\/strong><\/h3>\n<p data-start=\"266\" data-end=\"528\">Esta p\u00e1gina web <strong data-start=\"282\" data-end=\"300\">somvending.com<\/strong> (en adelante, la \u201cWeb\u201d) es propiedad de <strong data-start=\"341\" data-end=\"356\">SOM VENDING<\/strong>, con la denominaci\u00f3n social <strong data-start=\"385\" data-end=\"412\">SOM VENDING GESTI\u00d3N SLU<\/strong>, sociedad constituida y existente de acuerdo con la legislaci\u00f3n espa\u00f1ola, y provista de <strong data-start=\"501\" data-end=\"525\">CIF n\u00famero B62478318<\/strong>.<\/p>\n<p data-start=\"530\" data-end=\"869\">En nuestra web utilizamos <strong data-start=\"556\" data-end=\"575\">cookies propias<\/strong> que nos permiten mejorar la experiencia del usuario y ofrecer contenidos adaptados a tus intereses gracias a la personalizaci\u00f3n del contenido. Adem\u00e1s, empleamos <strong data-start=\"737\" data-end=\"760\">cookies de terceros<\/strong> que personalizan la publicidad de las p\u00e1ginas que visitas con contenido de inter\u00e9s para nuestros usuarios.<\/p>\n<p data-start=\"871\" data-end=\"1062\">En caso de que contin\u00faes navegando con el navegador configurado para aceptar cookies, entenderemos que <strong data-start=\"974\" data-end=\"1011\">aceptas la instalaci\u00f3n de cookies<\/strong> tal y como se detalla en esta Pol\u00edtica de Cookies.<\/p>\n<h3 data-start=\"1069\" data-end=\"1110\"><\/h3>\n<h3 data-start=\"1069\" data-end=\"1110\"><strong data-start=\"1073\" data-end=\"1110\">INFORMACI\u00d3N B\u00c1SICA DE LAS COOKIES<\/strong><\/h3>\n<h4 data-start=\"1112\" data-end=\"1144\"><strong data-start=\"1117\" data-end=\"1142\">\u00bfQu\u00e9 son las cookies?<\/strong><\/h4>\n<p data-start=\"1145\" data-end=\"1383\">Las cookies son peque\u00f1as piezas de informaci\u00f3n que se almacenan en el navegador de tu ordenador, tablet o tel\u00e9fono m\u00f3vil cuando visitas nuestro sitio web, y que <strong data-start=\"1306\" data-end=\"1348\">facilitan y personalizan la navegaci\u00f3n<\/strong> cuando visitas las mismas p\u00e1ginas.<\/p>\n<h4 data-start=\"1385\" data-end=\"1419\"><strong data-start=\"1390\" data-end=\"1417\">\u00bfQu\u00e9 hacen las cookies?<\/strong><\/h4>\n<p data-start=\"1420\" data-end=\"1645\">Las cookies <strong data-start=\"1432\" data-end=\"1464\">no identifican personalmente<\/strong> y no representan ning\u00fan riesgo para tu ordenador o dispositivo m\u00f3vil. No son virus ni software esp\u00eda.<br data-start=\"1566\" data-end=\"1569\" \/>Simplemente son herramientas utilizadas por los sitios web que visitas para:<\/p>\n<ul data-start=\"1647\" data-end=\"1888\">\n<li data-start=\"1647\" data-end=\"1673\">\n<p data-start=\"1649\" data-end=\"1673\">Mejorar tu navegaci\u00f3n.<\/p>\n<\/li>\n<li data-start=\"1674\" data-end=\"1738\">\n<p data-start=\"1676\" data-end=\"1738\">Garantizar que tus datos viajen por la red de manera segura.<\/p>\n<\/li>\n<li data-start=\"1739\" data-end=\"1825\">\n<p data-start=\"1741\" data-end=\"1825\">Ayudarnos a entender qu\u00e9 informaci\u00f3n de nuestra web es m\u00e1s \u00fatil para los usuarios.<\/p>\n<\/li>\n<li data-start=\"1826\" data-end=\"1888\">\n<p data-start=\"1828\" data-end=\"1888\">Saber qu\u00e9 ofertas pueden ser de inter\u00e9s para cada usuario.<\/p>\n<\/li>\n<\/ul>\n<p data-start=\"1890\" data-end=\"2018\">Y todo esto de manera totalmente <strong data-start=\"1923\" data-end=\"1934\">an\u00f3nima<\/strong>: nunca sabremos tu nombre, direcci\u00f3n o tel\u00e9fono a menos que t\u00fa nos los facilites.<\/p>\n<p data-start=\"2020\" data-end=\"2139\">T\u00fa decides si permites o no las cookies, pero si decides <strong data-start=\"2077\" data-end=\"2095\">no permitirlas<\/strong>, deber\u00e1s <strong data-start=\"2105\" data-end=\"2136\">bloquearlas en tu navegador<\/strong>.<\/p>\n<p data-start=\"2141\" data-end=\"2374\">Adem\u00e1s, debes tener en cuenta que si decides <strong data-start=\"2186\" data-end=\"2229\">no permitir el uso de cookies de la Web<\/strong>, algunas funcionalidades de la Web pueden <strong data-start=\"2272\" data-end=\"2302\">no funcionar correctamente<\/strong>, y no podremos adaptar la informaci\u00f3n que te ofrecemos a tus intereses.<\/p>\n<h3 data-start=\"2381\" data-end=\"2438\"><\/h3>\n<h3 data-start=\"2381\" data-end=\"2438\"><strong data-start=\"2385\" data-end=\"2438\">\u00bfDurante cu\u00e1nto tiempo est\u00e1n activas las cookies?<\/strong><\/h3>\n<p data-start=\"2440\" data-end=\"2486\">B\u00e1sicamente, existen <strong data-start=\"2461\" data-end=\"2485\">dos tipos de cookies<\/strong>:<\/p>\n<ol data-start=\"2488\" data-end=\"3012\">\n<li data-start=\"2488\" data-end=\"2682\">\n<p data-start=\"2491\" data-end=\"2682\"><strong data-start=\"2491\" data-end=\"2513\">Cookies de sesi\u00f3n:<\/strong><br data-start=\"2513\" data-end=\"2516\" \/>Expiran cuando abandonas la p\u00e1gina o cierras el navegador, es decir, est\u00e1n activas durante tu visita a nuestro sitio web. Se borran cuando apagas el dispositivo.<\/p>\n<\/li>\n<li data-start=\"2684\" data-end=\"3012\">\n<p data-start=\"2687\" data-end=\"3012\"><strong data-start=\"2687\" data-end=\"2711\">Cookies permanentes:<\/strong><br data-start=\"2711\" data-end=\"2714\" \/>Expiran cuando se cumple el objetivo para el que sirven o cuando se borran manualmente. Todas tienen una <strong data-start=\"2822\" data-end=\"2853\">fecha de borrado autom\u00e1tica<\/strong> y se utilizan normalmente en <strong data-start=\"2883\" data-end=\"2948\">procesos de compra online, personalizaciones o en el registro<\/strong>, para evitar tener que introducir la contrase\u00f1a constantemente.<\/p>\n<\/li>\n<\/ol>\n<h3 data-start=\"3019\" data-end=\"3075\"><\/h3>\n<h3 data-start=\"3019\" data-end=\"3075\"><strong data-start=\"3023\" data-end=\"3075\">\u00bfPara qu\u00e9 utilizamos cookies en somvending.info?<\/strong><\/h3>\n<p data-start=\"3077\" data-end=\"3152\">Utilizamos cookies para diferentes finalidades, b\u00e1sicamente las siguientes:<\/p>\n<ul data-start=\"3154\" data-end=\"3964\">\n<li data-start=\"3154\" data-end=\"3282\">\n<p data-start=\"3156\" data-end=\"3282\"><strong data-start=\"3156\" data-end=\"3169\">T\u00e9cnicas:<\/strong> necesarias para que puedas <strong data-start=\"3197\" data-end=\"3222\">navegar correctamente<\/strong> por la Web y acceder a todas las secciones sin problemas.<\/p>\n<\/li>\n<li data-start=\"3283\" data-end=\"3562\">\n<p data-start=\"3285\" data-end=\"3562\"><strong data-start=\"3285\" data-end=\"3301\">De an\u00e1lisis:<\/strong> nos permiten <strong data-start=\"3315\" data-end=\"3356\">entender c\u00f3mo navegas por nuestra web<\/strong>, ver qu\u00e9 funciona y qu\u00e9 no, mejorar la p\u00e1gina web, calcular cu\u00e1nta gente la visita y as\u00ed mejorar los servicios que podemos ofrecerte. Esta informaci\u00f3n es <strong data-start=\"3511\" data-end=\"3522\">an\u00f3nima<\/strong> y solo se usa con fines estad\u00edsticos.<\/p>\n<\/li>\n<li data-start=\"3563\" data-end=\"3778\">\n<p data-start=\"3565\" data-end=\"3778\"><strong data-start=\"3565\" data-end=\"3601\">Complementos de medios sociales:<\/strong> facilitan el <strong data-start=\"3615\" data-end=\"3662\">acceso a nuestros canales en redes sociales<\/strong>, para que puedas mantenerte al d\u00eda con consejos y novedades, as\u00ed como <strong data-start=\"3733\" data-end=\"3775\">participar en nuestra comunidad online<\/strong>.<\/p>\n<\/li>\n<li data-start=\"3779\" data-end=\"3964\">\n<p data-start=\"3781\" data-end=\"3964\"><strong data-start=\"3781\" data-end=\"3796\">Publicidad:<\/strong> analizamos tus preferencias en la web para <strong data-start=\"3840\" data-end=\"3891\">mostrarte publicidad relacionada con tus gustos<\/strong>, evitando que pierdas tiempo con ofertas que realmente no te son \u00fatiles.<\/p>\n<\/li>\n<\/ul>\n<h3 data-start=\"3971\" data-end=\"4017\"><\/h3>\n<h3 data-start=\"3971\" data-end=\"4017\"><strong data-start=\"3975\" data-end=\"4017\">C\u00d3MO CONFIGURAR\/DESACTIVAR LAS COOKIES<\/strong><\/h3>\n<p data-start=\"4019\" data-end=\"4069\">\u00bfQuieres desactivar las cookies de tu navegador?<\/p>\n<p data-start=\"4071\" data-end=\"4335\">Generalmente, los navegadores permiten las cookies <strong data-start=\"4122\" data-end=\"4137\">por defecto<\/strong>. Cuando navegas por la Web, est\u00e1s aceptando el uso de cookies.<br data-start=\"4200\" data-end=\"4203\" \/>Sin embargo, <strong data-start=\"4216\" data-end=\"4230\">t\u00fa decides<\/strong> si quieres navegar con o sin cookies, ya que puedes <strong data-start=\"4283\" data-end=\"4334\">modificar tus preferencias en cualquier momento<\/strong>.<\/p>\n","protected":false},"excerpt":{"rendered":"<p>Pol\u00edtica de Cookies IDENTIFICACI\u00d3N Y POL\u00cdTICA DE COOKIES Esta p\u00e1gina web somvending.com (en adelante, la \u201cWeb\u201d) es propiedad de SOM VENDING, con la denominaci\u00f3n social SOM VENDING GESTI\u00d3N SLU, sociedad constituida y existente de acuerdo con la legislaci\u00f3n espa\u00f1ola, y provista de CIF n\u00famero B62478318. En nuestra web utilizamos cookies propias que nos permiten mejorar [&hellip;]<\/p>\n","protected":false},"author":1,"featured_media":0,"parent":0,"menu_order":0,"comment_status":"closed","ping_status":"closed","template":"","meta":{"footnotes":""},"class_list":["post-278","page","type-page","status-publish","hentry"],"yoast_head":"<!-- This site is optimized with the Yoast SEO plugin v26.8 - https:\/\/yoast.com\/product\/yoast-seo-wordpress\/ -->\n<title>Pol\u00edtica de cookies - somvending<\/title>\n<meta name=\"robots\" content=\"index, follow, max-snippet:-1, max-image-preview:large, max-video-preview:-1\" \/>\n<link rel=\"canonical\" href=\"https:\/\/somvending.com\/es\/politica-de-cookies\/\" \/>\n<meta property=\"og:locale\" content=\"es_ES\" \/>\n<meta property=\"og:type\" content=\"article\" \/>\n<meta property=\"og:title\" content=\"Pol\u00edtica de cookies - somvending\" \/>\n<meta property=\"og:description\" content=\"Pol\u00edtica de Cookies IDENTIFICACI\u00d3N Y POL\u00cdTICA DE COOKIES Esta p\u00e1gina web somvending.com (en adelante, la \u201cWeb\u201d) es propiedad de SOM VENDING, con la denominaci\u00f3n social SOM VENDING GESTI\u00d3N SLU, sociedad constituida y existente de acuerdo con la legislaci\u00f3n espa\u00f1ola, y provista de CIF n\u00famero B62478318. En nuestra web utilizamos cookies propias que nos permiten mejorar [&hellip;]\" \/>\n<meta property=\"og:url\" content=\"https:\/\/somvending.com\/es\/politica-de-cookies\/\" \/>\n<meta property=\"og:site_name\" content=\"somvending\" \/>\n<meta property=\"article:modified_time\" content=\"2025-10-23T09:18:40+00:00\" \/>\n<meta name=\"twitter:card\" content=\"summary_large_image\" \/>\n<meta name=\"twitter:label1\" content=\"Tiempo de lectura\" \/>\n\t<meta name=\"twitter:data1\" content=\"4 minutos\" \/>\n<script type=\"application\/ld+json\" class=\"yoast-schema-graph\">{\"@context\":\"https:\/\/schema.org\",\"@graph\":[{\"@type\":\"WebPage\",\"@id\":\"https:\/\/somvending.com\/es\/politica-de-cookies\/\",\"url\":\"https:\/\/somvending.com\/es\/politica-de-cookies\/\",\"name\":\"Pol\u00edtica de cookies - somvending\",\"isPartOf\":{\"@id\":\"https:\/\/somvending.com\/#website\"},\"datePublished\":\"2025-10-13T07:03:52+00:00\",\"dateModified\":\"2025-10-23T09:18:40+00:00\",\"breadcrumb\":{\"@id\":\"https:\/\/somvending.com\/es\/politica-de-cookies\/#breadcrumb\"},\"inLanguage\":\"es\",\"potentialAction\":[{\"@type\":\"ReadAction\",\"target\":[\"https:\/\/somvending.com\/es\/politica-de-cookies\/\"]}]},{\"@type\":\"BreadcrumbList\",\"@id\":\"https:\/\/somvending.com\/es\/politica-de-cookies\/#breadcrumb\",\"itemListElement\":[{\"@type\":\"ListItem\",\"position\":1,\"name\":\"Portada\",\"item\":\"https:\/\/somvending.com\/es\/inicio\/\"},{\"@type\":\"ListItem\",\"position\":2,\"name\":\"Pol\u00edtica de cookies\"}]},{\"@type\":\"WebSite\",\"@id\":\"https:\/\/somvending.com\/#website\",\"url\":\"https:\/\/somvending.com\/\",\"name\":\"somvending\",\"description\":\"\",\"potentialAction\":[{\"@type\":\"SearchAction\",\"target\":{\"@type\":\"EntryPoint\",\"urlTemplate\":\"https:\/\/somvending.com\/?s={search_term_string}\"},\"query-input\":{\"@type\":\"PropertyValueSpecification\",\"valueRequired\":true,\"valueName\":\"search_term_string\"}}],\"inLanguage\":\"es\"}]}<\/script>\n<!-- \/ Yoast SEO plugin. -->","yoast_head_json":{"title":"Pol\u00edtica de cookies - somvending","robots":{"index":"index","follow":"follow","max-snippet":"max-snippet:-1","max-image-preview":"max-image-preview:large","max-video-preview":"max-video-preview:-1"},"canonical":"https:\/\/somvending.com\/es\/politica-de-cookies\/","og_locale":"es_ES","og_type":"article","og_title":"Pol\u00edtica de cookies - somvending","og_description":"Pol\u00edtica de Cookies IDENTIFICACI\u00d3N Y POL\u00cdTICA DE COOKIES Esta p\u00e1gina web somvending.com (en adelante, la \u201cWeb\u201d) es propiedad de SOM VENDING, con la denominaci\u00f3n social SOM VENDING GESTI\u00d3N SLU, sociedad constituida y existente de acuerdo con la legislaci\u00f3n espa\u00f1ola, y provista de CIF n\u00famero B62478318. En nuestra web utilizamos cookies propias que nos permiten mejorar [&hellip;]","og_url":"https:\/\/somvending.com\/es\/politica-de-cookies\/","og_site_name":"somvending","article_modified_time":"2025-10-23T09:18:40+00:00","twitter_card":"summary_large_image","twitter_misc":{"Tiempo de lectura":"4 minutos"},"schema":{"@context":"https:\/\/schema.org","@graph":[{"@type":"WebPage","@id":"https:\/\/somvending.com\/es\/politica-de-cookies\/","url":"https:\/\/somvending.com\/es\/politica-de-cookies\/","name":"Pol\u00edtica de cookies - somvending","isPartOf":{"@id":"https:\/\/somvending.com\/#website"},"datePublished":"2025-10-13T07:03:52+00:00","dateModified":"2025-10-23T09:18:40+00:00","breadcrumb":{"@id":"https:\/\/somvending.com\/es\/politica-de-cookies\/#breadcrumb"},"inLanguage":"es","potentialAction":[{"@type":"ReadAction","target":["https:\/\/somvending.com\/es\/politica-de-cookies\/"]}]},{"@type":"BreadcrumbList","@id":"https:\/\/somvending.com\/es\/politica-de-cookies\/#breadcrumb","itemListElement":[{"@type":"ListItem","position":1,"name":"Portada","item":"https:\/\/somvending.com\/es\/inicio\/"},{"@type":"ListItem","position":2,"name":"Pol\u00edtica de cookies"}]},{"@type":"WebSite","@id":"https:\/\/somvending.com\/#website","url":"https:\/\/somvending.com\/","name":"somvending","description":"","potentialAction":[{"@type":"SearchAction","target":{"@type":"EntryPoint","urlTemplate":"https:\/\/somvending.com\/?s={search_term_string}"},"query-input":{"@type":"PropertyValueSpecification","valueRequired":true,"valueName":"search_term_string"}}],"inLanguage":"es"}]}},"_links":{"self":[{"href":"https:\/\/somvending.com\/es\/wp-json\/wp\/v2\/pages\/278","targetHints":{"allow":["GET"]}}],"collection":[{"href":"https:\/\/somvending.com\/es\/wp-json\/wp\/v2\/pages"}],"about":[{"href":"https:\/\/somvending.com\/es\/wp-json\/wp\/v2\/types\/page"}],"author":[{"embeddable":true,"href":"https:\/\/somvending.com\/es\/wp-json\/wp\/v2\/users\/1"}],"replies":[{"embeddable":true,"href":"https:\/\/somvending.com\/es\/wp-json\/wp\/v2\/comments?post=278"}],"version-history":[{"count":2,"href":"https:\/\/somvending.com\/es\/wp-json\/wp\/v2\/pages\/278\/revisions"}],"predecessor-version":[{"id":328,"href":"https:\/\/somvending.com\/es\/wp-json\/wp\/v2\/pages\/278\/revisions\/328"}],"wp:attachment":[{"href":"https:\/\/somvending.com\/es\/wp-json\/wp\/v2\/media?parent=278"}],"curies":[{"name":"wp","href":"https:\/\/api.w.org\/{rel}","templated":true}]}}