{"id":277,"date":"2025-10-13T07:04:25","date_gmt":"2025-10-13T07:04:25","guid":{"rendered":"https:\/\/somvending.com\/avis-legal\/"},"modified":"2025-10-23T09:14:54","modified_gmt":"2025-10-23T09:14:54","slug":"aviso-legal","status":"publish","type":"page","link":"https:\/\/somvending.com\/es\/aviso-legal\/","title":{"rendered":"Aviso legal"},"content":{"rendered":"<h2 style=\"text-align: center;\" data-start=\"189\" data-end=\"207\">Aviso Legal<\/h2>\n<p data-start=\"209\" data-end=\"480\">En cumplimiento de la <strong data-start=\"231\" data-end=\"262\">Ley 34\/2002, de 11 de julio<\/strong>, de servicios de la sociedad de la informaci\u00f3n y de comercio electr\u00f3nico, se informa al Usuario que el titular de la p\u00e1gina web <strong data-start=\"391\" data-end=\"410\">somvending.info<\/strong> es <strong data-start=\"414\" data-end=\"429\">SOM VENDING<\/strong>, y sus datos de identificaci\u00f3n son los siguientes:<\/p>\n<p data-start=\"482\" data-end=\"742\"><strong data-start=\"482\" data-end=\"503\">Domicilio social:<\/strong> SOM VENDING GESTI\u00d3N SLU<br data-start=\"527\" data-end=\"530\" \/><strong data-start=\"530\" data-end=\"538\">CIF:<\/strong> B62478318<br data-start=\"548\" data-end=\"551\" \/><strong data-start=\"551\" data-end=\"574\">Correo electr\u00f3nico:<\/strong> <a class=\"decorated-link cursor-pointer\" rel=\"noopener\" data-start=\"575\" data-end=\"594\">info@somvending.com<\/a><br data-start=\"594\" data-end=\"597\" \/><strong data-start=\"597\" data-end=\"619\">Datos registrales:<\/strong> Som Vending Gesti\u00f3n SLU (B62478318). Registro Mercantil de Barcelona, hoja B-228435, Tomo \/ IRUS: 1000347357371, Folio 0<\/p>\n<p data-start=\"744\" data-end=\"779\">A partir de ahora, <strong data-start=\"763\" data-end=\"779\">\u201cLa Empresa\u201d<\/strong><\/p>\n<h3 data-start=\"786\" data-end=\"819\">1. Acceso a la p\u00e1gina web<\/h3>\n<p data-start=\"821\" data-end=\"1022\">Este Aviso Legal regula el acceso y uso de los Usuarios en el sitio web y tiene como objetivo dar a conocer los productos de la entidad y permitir el acceso general de todos los usuarios de Internet.<\/p>\n<p data-start=\"1024\" data-end=\"1371\">El acceso y\/o uso del sitio web atribuye a quien lo realiza la condici\u00f3n de <strong data-start=\"1100\" data-end=\"1111\">Usuario<\/strong> e implica la <strong data-start=\"1125\" data-end=\"1228\">aceptaci\u00f3n, sin reservas de ning\u00fan tipo, de todas y cada una de las presentes condiciones generales<\/strong>, as\u00ed como de las otras condiciones particulares que, en su caso, regulen la utilizaci\u00f3n del Portal o de los servicios relacionados con este.<\/p>\n<p data-start=\"1373\" data-end=\"1680\">El usuario debe leer atentamente este Aviso Legal, as\u00ed como la Pol\u00edtica de Privacidad y la Pol\u00edtica de Cookies antes de utilizar la p\u00e1gina web, ya que <strong data-start=\"1524\" data-end=\"1678\">La Empresa se reserva el derecho de modificar, en cualquier momento y sin previo aviso, el contenido, servicios, dise\u00f1o y configuraci\u00f3n del sitio web.<\/strong><\/p>\n<p data-start=\"1682\" data-end=\"1789\">Si no acepta las condiciones de acceso y uso, le rogamos que se abstenga de utilizar la web y su contenido.<\/p>\n<h3 data-start=\"1796\" data-end=\"1827\">2. Uso de la p\u00e1gina web<\/h3>\n<p data-start=\"1829\" data-end=\"2091\">El Usuario se compromete a hacer un <strong data-start=\"1865\" data-end=\"1896\">uso diligente del sitio web<\/strong>, as\u00ed como de la informaci\u00f3n relacionada con los servicios y actividades, respetando tanto la normativa aplicable como la moral, las buenas costumbres generalmente aceptadas y el orden p\u00fablico.<\/p>\n<p data-start=\"2093\" data-end=\"2440\">Asimismo, se compromete a <strong data-start=\"2119\" data-end=\"2402\">no utilizar ninguno de los contenidos con fines o efectos il\u00edcitos, prohibidos, lesivos de los derechos e intereses de terceros, o que puedan da\u00f1ar, inutilizar, sobrecargar o impedir el funcionamiento normal de los contenidos, de otros usuarios o de cualquier usuario de Internet<\/strong> (tanto en hardware como en software).<\/p>\n<h3 data-start=\"2447\" data-end=\"2489\">3. Funcionamiento de la p\u00e1gina web<\/h3>\n<p data-start=\"2491\" data-end=\"2753\">En caso de incumplimiento de las condiciones establecidas en este Aviso Legal o en la Pol\u00edtica de Privacidad y Cookies, <strong data-start=\"2611\" data-end=\"2704\">La Empresa se reserva el derecho de limitar, suspender y\/o denegar el acceso al sitio web<\/strong>, adoptando cualquier medida t\u00e9cnica necesaria.<\/p>\n<p data-start=\"2755\" data-end=\"2959\">La Empresa procurar\u00e1 mantener la web en buen funcionamiento, <strong data-start=\"2816\" data-end=\"2878\">corrigiendo errores y manteniendo el contenido actualizado<\/strong>, pero no garantiza la disponibilidad, continuidad ni la inexistencia de errores.<\/p>\n<h3 data-start=\"2966\" data-end=\"2992\">4. Responsabilidad<\/h3>\n<p data-start=\"2994\" data-end=\"3110\">El Usuario es el <strong data-start=\"3011\" data-end=\"3040\">\u00fanico responsable del uso<\/strong> que pueda hacer de cualquier informaci\u00f3n o mecanismo del sitio web.<\/p>\n<p data-start=\"3112\" data-end=\"3474\">La Empresa <strong data-start=\"3123\" data-end=\"3197\">no se hace responsable de los da\u00f1os al hardware o software del usuario<\/strong> derivados del acceso y uso de la p\u00e1gina web.<br data-start=\"3242\" data-end=\"3245\" \/>Tampoco ser\u00e1 responsable de los da\u00f1os ocasionados por acceder o utilizar la informaci\u00f3n del sitio web, como los derivados de <strong data-start=\"3370\" data-end=\"3472\">virus, ataques inform\u00e1ticos, ca\u00eddas, interrupciones o errores en las comunicaciones o en Internet.<\/strong><\/p>\n<p data-start=\"3476\" data-end=\"3704\">El Usuario responder\u00e1 por los <strong data-start=\"3506\" data-end=\"3543\">da\u00f1os que La Empresa pueda sufrir<\/strong> como consecuencia del incumplimiento de las obligaciones establecidas en este Aviso Legal, en la normativa aplicable o en las Pol\u00edticas de Privacidad y Cookies.<\/p>\n<h3 data-start=\"3711\" data-end=\"3773\">5. Pol\u00edtica de \u201cLinks\u201d (Web que enlaza y web enlazada)<\/h3>\n<h4 data-start=\"3775\" data-end=\"3798\"><strong data-start=\"3780\" data-end=\"3798\">Web que enlaza<\/strong><\/h4>\n<p data-start=\"3800\" data-end=\"3991\">Los terceros que quieran incluir un enlace a nuestro sitio web deber\u00e1n cumplir la <strong data-start=\"3882\" data-end=\"3905\">legislaci\u00f3n vigente<\/strong> y <strong data-start=\"3908\" data-end=\"3989\">no pueden alojar contenidos il\u00edcitos, inadecuados, violentos o pornogr\u00e1ficos.<\/strong><\/p>\n<p data-start=\"3993\" data-end=\"4132\">En ning\u00fan caso <strong data-start=\"4008\" data-end=\"4077\">La Empresa se hace responsable del contenido de la web que enlaza<\/strong>, ni lo promueve, garantiza, supervisa ni recomienda.<\/p>\n<p data-start=\"4134\" data-end=\"4209\">En caso de incumplimiento, se deber\u00e1 <strong data-start=\"4171\" data-end=\"4209\">suprimir el enlace inmediatamente.<\/strong><\/p>\n<h4 data-start=\"4211\" data-end=\"4232\"><strong data-start=\"4216\" data-end=\"4232\">Web enlazada<\/strong><\/h4>\n<p data-start=\"4234\" data-end=\"4528\">Este sitio web puede incluir <strong data-start=\"4263\" data-end=\"4296\">enlaces a p\u00e1ginas de terceros<\/strong> para facilitar el acceso al Usuario.<br data-start=\"4333\" data-end=\"4336\" \/>No obstante, <strong data-start=\"4349\" data-end=\"4418\">La Empresa no se hace responsable del contenido de estas p\u00e1ginas.<\/strong> Ser\u00e1 responsabilidad del Usuario verificar y aceptar las condiciones de acceso cada vez que acceda a ellas.<\/p>\n<p data-start=\"4530\" data-end=\"4657\">Estos enlaces <strong data-start=\"4544\" data-end=\"4606\">no implican apoyo, aprobaci\u00f3n, comercializaci\u00f3n o relaci\u00f3n<\/strong> entre La Empresa y los titulares de estas p\u00e1ginas.<\/p>\n<h3 data-start=\"4664\" data-end=\"4709\">6. Propiedad Intelectual e Industrial<\/h3>\n<p data-start=\"4711\" data-end=\"5007\">La Empresa o sus licenciadores son <strong data-start=\"4746\" data-end=\"4806\">titulares de todos los derechos de propiedad intelectual<\/strong> sobre los contenidos del sitio web, incluyendo dise\u00f1os, bases de datos, programas inform\u00e1ticos (c\u00f3digo fuente incluido), textos, im\u00e1genes, v\u00eddeos, gr\u00e1ficos, estructura, marcas y nombres comerciales.<\/p>\n<p data-start=\"5009\" data-end=\"5300\">El uso del sitio web <strong data-start=\"5030\" data-end=\"5111\">no implica la cesi\u00f3n de ning\u00fan derecho de propiedad intelectual o industrial.<\/strong><br data-start=\"5111\" data-end=\"5114\" \/>Est\u00e1 totalmente prohibido <strong data-start=\"5140\" data-end=\"5262\">reproducir, copiar, distribuir, comunicar p\u00fablicamente, transformar o modificar cualquier contenido o signo distintivo<\/strong> sin autorizaci\u00f3n expresa del titular.<\/p>\n<h3 data-start=\"5307\" data-end=\"5328\">7. Publicidad<\/h3>\n<p data-start=\"5330\" data-end=\"5537\">En el sitio web se pueden alojar <strong data-start=\"5363\" data-end=\"5407\">contenidos publicitarios o patrocinados.<\/strong><br data-start=\"5407\" data-end=\"5410\" \/>Los anunciantes o patrocinadores son los \u00fanicos responsables de garantizar que el material <strong data-start=\"5501\" data-end=\"5535\">cumpla la normativa aplicable.<\/strong><\/p>\n<p data-start=\"5539\" data-end=\"5655\">La Empresa <strong data-start=\"5550\" data-end=\"5617\">no ser\u00e1 responsable de errores, inexactitudes o irregularidades<\/strong> que puedan contener estos contenidos.<\/p>\n<h3 data-start=\"5662\" data-end=\"5694\">8. Legislaci\u00f3n aplicable<\/h3>\n<p data-start=\"5696\" data-end=\"5922\">Este Aviso Legal se <strong data-start=\"5716\" data-end=\"5753\">rige por la legislaci\u00f3n espa\u00f1ola.<\/strong><br data-start=\"5753\" data-end=\"5756\" \/>Cualquier conflicto derivado del acceso al sitio web se resolver\u00e1 en los <strong data-start=\"5829\" data-end=\"5866\">juzgados y tribunales competentes<\/strong> de acuerdo con la normativa de consumidores y usuarios.<\/p>\n<h3 data-start=\"5929\" data-end=\"5948\">9. Contacto<\/h3>\n<p data-start=\"5950\" data-end=\"6098\">Para cualquier consulta o comentario sobre este Aviso Legal, puede contactar con nosotros a trav\u00e9s del correo electr\u00f3nico: <strong data-start=\"6073\" data-end=\"6096\"><a class=\"decorated-link cursor-pointer\" rel=\"noopener\" data-start=\"6075\" data-end=\"6094\">info@somvending.com<\/a><\/strong><\/p>\n","protected":false},"excerpt":{"rendered":"<p>Aviso Legal En cumplimiento de la Ley 34\/2002, de 11 de julio, de servicios de la sociedad de la informaci\u00f3n y de comercio electr\u00f3nico, se informa al Usuario que el titular de la p\u00e1gina web somvending.info es SOM VENDING, y sus datos de identificaci\u00f3n son los siguientes: Domicilio social: SOM VENDING GESTI\u00d3N SLUCIF: B62478318Correo electr\u00f3nico: [&hellip;]<\/p>\n","protected":false},"author":1,"featured_media":0,"parent":0,"menu_order":0,"comment_status":"closed","ping_status":"closed","template":"","meta":{"footnotes":""},"class_list":["post-277","page","type-page","status-publish","hentry"],"yoast_head":"<!-- This site is optimized with the Yoast SEO plugin v26.8 - https:\/\/yoast.com\/product\/yoast-seo-wordpress\/ -->\n<title>Aviso legal - somvending<\/title>\n<meta name=\"robots\" content=\"index, follow, max-snippet:-1, max-image-preview:large, max-video-preview:-1\" \/>\n<link rel=\"canonical\" href=\"https:\/\/somvending.com\/es\/aviso-legal\/\" \/>\n<meta property=\"og:locale\" content=\"es_ES\" \/>\n<meta property=\"og:type\" content=\"article\" \/>\n<meta property=\"og:title\" content=\"Aviso legal - somvending\" \/>\n<meta property=\"og:description\" content=\"Aviso Legal En cumplimiento de la Ley 34\/2002, de 11 de julio, de servicios de la sociedad de la informaci\u00f3n y de comercio electr\u00f3nico, se informa al Usuario que el titular de la p\u00e1gina web somvending.info es SOM VENDING, y sus datos de identificaci\u00f3n son los siguientes: Domicilio social: SOM VENDING GESTI\u00d3N SLUCIF: B62478318Correo electr\u00f3nico: [&hellip;]\" \/>\n<meta property=\"og:url\" content=\"https:\/\/somvending.com\/es\/aviso-legal\/\" \/>\n<meta property=\"og:site_name\" content=\"somvending\" \/>\n<meta property=\"article:modified_time\" content=\"2025-10-23T09:14:54+00:00\" \/>\n<meta name=\"twitter:card\" content=\"summary_large_image\" \/>\n<meta name=\"twitter:label1\" content=\"Tiempo de lectura\" \/>\n\t<meta name=\"twitter:data1\" content=\"5 minutos\" \/>\n<script type=\"application\/ld+json\" class=\"yoast-schema-graph\">{\"@context\":\"https:\/\/schema.org\",\"@graph\":[{\"@type\":\"WebPage\",\"@id\":\"https:\/\/somvending.com\/es\/aviso-legal\/\",\"url\":\"https:\/\/somvending.com\/es\/aviso-legal\/\",\"name\":\"Aviso legal - somvending\",\"isPartOf\":{\"@id\":\"https:\/\/somvending.com\/#website\"},\"datePublished\":\"2025-10-13T07:04:25+00:00\",\"dateModified\":\"2025-10-23T09:14:54+00:00\",\"breadcrumb\":{\"@id\":\"https:\/\/somvending.com\/es\/aviso-legal\/#breadcrumb\"},\"inLanguage\":\"es\",\"potentialAction\":[{\"@type\":\"ReadAction\",\"target\":[\"https:\/\/somvending.com\/es\/aviso-legal\/\"]}]},{\"@type\":\"BreadcrumbList\",\"@id\":\"https:\/\/somvending.com\/es\/aviso-legal\/#breadcrumb\",\"itemListElement\":[{\"@type\":\"ListItem\",\"position\":1,\"name\":\"Portada\",\"item\":\"https:\/\/somvending.com\/es\/inicio\/\"},{\"@type\":\"ListItem\",\"position\":2,\"name\":\"Aviso legal\"}]},{\"@type\":\"WebSite\",\"@id\":\"https:\/\/somvending.com\/#website\",\"url\":\"https:\/\/somvending.com\/\",\"name\":\"somvending\",\"description\":\"\",\"potentialAction\":[{\"@type\":\"SearchAction\",\"target\":{\"@type\":\"EntryPoint\",\"urlTemplate\":\"https:\/\/somvending.com\/?s={search_term_string}\"},\"query-input\":{\"@type\":\"PropertyValueSpecification\",\"valueRequired\":true,\"valueName\":\"search_term_string\"}}],\"inLanguage\":\"es\"}]}<\/script>\n<!-- \/ Yoast SEO plugin. -->","yoast_head_json":{"title":"Aviso legal - somvending","robots":{"index":"index","follow":"follow","max-snippet":"max-snippet:-1","max-image-preview":"max-image-preview:large","max-video-preview":"max-video-preview:-1"},"canonical":"https:\/\/somvending.com\/es\/aviso-legal\/","og_locale":"es_ES","og_type":"article","og_title":"Aviso legal - somvending","og_description":"Aviso Legal En cumplimiento de la Ley 34\/2002, de 11 de julio, de servicios de la sociedad de la informaci\u00f3n y de comercio electr\u00f3nico, se informa al Usuario que el titular de la p\u00e1gina web somvending.info es SOM VENDING, y sus datos de identificaci\u00f3n son los siguientes: Domicilio social: SOM VENDING GESTI\u00d3N SLUCIF: B62478318Correo electr\u00f3nico: [&hellip;]","og_url":"https:\/\/somvending.com\/es\/aviso-legal\/","og_site_name":"somvending","article_modified_time":"2025-10-23T09:14:54+00:00","twitter_card":"summary_large_image","twitter_misc":{"Tiempo de lectura":"5 minutos"},"schema":{"@context":"https:\/\/schema.org","@graph":[{"@type":"WebPage","@id":"https:\/\/somvending.com\/es\/aviso-legal\/","url":"https:\/\/somvending.com\/es\/aviso-legal\/","name":"Aviso legal - somvending","isPartOf":{"@id":"https:\/\/somvending.com\/#website"},"datePublished":"2025-10-13T07:04:25+00:00","dateModified":"2025-10-23T09:14:54+00:00","breadcrumb":{"@id":"https:\/\/somvending.com\/es\/aviso-legal\/#breadcrumb"},"inLanguage":"es","potentialAction":[{"@type":"ReadAction","target":["https:\/\/somvending.com\/es\/aviso-legal\/"]}]},{"@type":"BreadcrumbList","@id":"https:\/\/somvending.com\/es\/aviso-legal\/#breadcrumb","itemListElement":[{"@type":"ListItem","position":1,"name":"Portada","item":"https:\/\/somvending.com\/es\/inicio\/"},{"@type":"ListItem","position":2,"name":"Aviso legal"}]},{"@type":"WebSite","@id":"https:\/\/somvending.com\/#website","url":"https:\/\/somvending.com\/","name":"somvending","description":"","potentialAction":[{"@type":"SearchAction","target":{"@type":"EntryPoint","urlTemplate":"https:\/\/somvending.com\/?s={search_term_string}"},"query-input":{"@type":"PropertyValueSpecification","valueRequired":true,"valueName":"search_term_string"}}],"inLanguage":"es"}]}},"_links":{"self":[{"href":"https:\/\/somvending.com\/es\/wp-json\/wp\/v2\/pages\/277","targetHints":{"allow":["GET"]}}],"collection":[{"href":"https:\/\/somvending.com\/es\/wp-json\/wp\/v2\/pages"}],"about":[{"href":"https:\/\/somvending.com\/es\/wp-json\/wp\/v2\/types\/page"}],"author":[{"embeddable":true,"href":"https:\/\/somvending.com\/es\/wp-json\/wp\/v2\/users\/1"}],"replies":[{"embeddable":true,"href":"https:\/\/somvending.com\/es\/wp-json\/wp\/v2\/comments?post=277"}],"version-history":[{"count":4,"href":"https:\/\/somvending.com\/es\/wp-json\/wp\/v2\/pages\/277\/revisions"}],"predecessor-version":[{"id":321,"href":"https:\/\/somvending.com\/es\/wp-json\/wp\/v2\/pages\/277\/revisions\/321"}],"wp:attachment":[{"href":"https:\/\/somvending.com\/es\/wp-json\/wp\/v2\/media?parent=277"}],"curies":[{"name":"wp","href":"https:\/\/api.w.org\/{rel}","templated":true}]}}